{"id":651,"date":"2025-12-01T08:03:32","date_gmt":"2025-12-01T07:03:32","guid":{"rendered":"https:\/\/hbkessen.v6.rocks\/?page_id=651"},"modified":"2026-02-10T13:55:15","modified_gmt":"2026-02-10T12:55:15","slug":"kreativ-campus-essen-city-nord","status":"publish","type":"page","link":"https:\/\/hbkessen.v6.rocks\/?page_id=651","title":{"rendered":"Kreativ-Campus Essen City Nord"},"content":{"rendered":"\n<div style=\"height:34px\" aria-hidden=\"true\" class=\"wp-block-spacer\"><\/div>\n\n\n\n<figure class=\"wp-block-video alignwide\"><video height=\"540\" style=\"aspect-ratio: 960 \/ 540;\" width=\"960\" autoplay loop muted src=\"https:\/\/hbkessen.v6.rocks\/wp-content\/uploads\/2025\/11\/Trudi_Loop.mp4\" playsinline><\/video><\/figure>\n\n\n\n<div style=\"height:100px\" aria-hidden=\"true\" class=\"wp-block-spacer\"><\/div>\n\n\n\n<h1 class=\"wp-block-heading alignwide has-text-align-left\">Unser Campus<\/h1>\n\n\n\n<div style=\"height:46px\" aria-hidden=\"true\" class=\"wp-block-spacer\"><\/div>\n\n\n\n<div class=\"wp-block-columns alignwide is-layout-flex wp-container-core-columns-is-layout-28f84493 wp-block-columns-is-layout-flex\">\n<div class=\"wp-block-column is-layout-flow wp-block-column-is-layout-flow\" style=\"flex-basis:66.66%\">\n<h2 class=\"wp-block-heading\">KULTUR- UND KREATIVZENTRUM<\/h2>\n\n\n\n<p>Der&nbsp;Kreativ Campus Essen City.Nord&nbsp;umfasst die Kreativ Kathedrale, gro\u00dfe Teile des Brecklinghaus, das ehemalige Pfarrgeb\u00e4ude, einen ehemaligen Kindergarten sowie die weitl\u00e4ufigen Au\u00dfenbereiche um die Kirche. Der Campus bildet zusammen mit den umliegenden Pl\u00e4tzen den Abschluss der Essener Innenstadt nach Norden und vereint zahlreiche Akteure aus Kunst und Kultur in einem neuen Geflecht aus R\u00e4umen und Fl\u00e4chen. Mit ca. 4000 m\u00b2 zu bespielenden Innenr\u00e4umen und der Zusammenlegung der Infrastruktur verschiedener lokaler Partner ist er in dieser Form sicherlich einzigartig in NRW.<br><br>Das Geb\u00e4udeensemble umfasst unter anderem eine Theaterb\u00fchne, einen gro\u00dfen Veranstaltungsraum und ist mitten in der Stadt von einem gro\u00dfz\u00fcgigen Au\u00dfenbereich umfasst. Das Portfolio an integrierten Einrichtungen beinhaltet verschiedene Arten von Studios, FabLabs, Werkst\u00e4tten, Lehrs\u00e4len und Ateliers, die den Impuls und Nukleus f\u00fcr die Ausdehnung eines avancierten Kollaborations- und Sharingkonzepts mit dem Fokus auf die Programmentwicklung der beteiligten Institutionen in der City Nord bildet.<br><br>Erste Veranstaltungen finden bereits ab Juli statt. Der Dauerbetrieb startet suksessive ab Oktober. Weitere Informationen folgen an dieser Stelle in K\u00fcrze.&nbsp;<br><br>Anfragen k\u00f6nnen bereits jetzt an info@publik.ev.de gesendet werden.&nbsp;<\/p>\n<\/div>\n\n\n\n<div class=\"wp-block-column is-layout-flow wp-block-column-is-layout-flow\" style=\"flex-basis:33.33%\">\n<figure class=\"wp-block-image size-large\"><img loading=\"lazy\" decoding=\"async\" width=\"1024\" height=\"974\" src=\"https:\/\/hbkessen.v6.rocks\/wp-content\/uploads\/2026\/01\/unnamed-1024x974.jpg\" alt=\"\" class=\"wp-image-2077\" srcset=\"https:\/\/hbkessen.v6.rocks\/wp-content\/uploads\/2026\/01\/unnamed-1024x974.jpg 1024w, https:\/\/hbkessen.v6.rocks\/wp-content\/uploads\/2026\/01\/unnamed-300x285.jpg 300w, https:\/\/hbkessen.v6.rocks\/wp-content\/uploads\/2026\/01\/unnamed-768x730.jpg 768w, https:\/\/hbkessen.v6.rocks\/wp-content\/uploads\/2026\/01\/unnamed.jpg 1280w\" sizes=\"auto, (max-width: 1024px) 100vw, 1024px\" \/><\/figure>\n<\/div>\n<\/div>\n\n\n\n<div style=\"height:64px\" aria-hidden=\"true\" class=\"wp-block-spacer\"><\/div>\n\n\n\n<div class=\"wp-block-columns alignwide is-layout-flex wp-container-core-columns-is-layout-28f84493 wp-block-columns-is-layout-flex\">\n<div class=\"wp-block-column is-layout-flow wp-block-column-is-layout-flow\" style=\"flex-basis:66.66%\">\n<h2 class=\"wp-block-heading\">KREATIV-KATHEDRALE<\/h2>\n\n\n\n<p>Die ehrw\u00fcrdige neugotische Kirche St. Gertrud\u00a0wird ab Juli 2025 zu\u00a0TRUDI,\u00a0der Kreativ Kathedrale. Seit ihrer Einweihung war sie\u00a0ein Zentrum\u00a0der Begegnung. Genau das\u00a0wird\u00a0TRUDI als neues Herz des Kreativ\u00a0Campus Essen City.Nord auch bleiben und so als einzigartiger Kunst-, Kultur- und Eventort in bester Gesellschaft weit \u00fcber Essen hinaus strahlen.\u00a0<br><br>Schon ab Juli 2025 wird es zahlreiche Gelegenheiten geben, sich den Ort auf kreative Weise neu zu erschlie\u00dfen. Dazu z\u00e4hlen das Mitmachprojekt DOPPELHAUS der K\u00fcnstlerin Pau Holtkamp und der OPEN CALL SUMMER SCHOOL FOR POLITICAL AND PLAYFUL EDUCATION 2025 von Transurban im Rahmen der FISU Games Rhine-Ruhr 2025.\u00a0<br><br>Auch die Hochschule der bildenden K\u00fcnste Essen avisiert bereits ihren Rundgang, die gro\u00dfe Ausstellung ihrer Kunst- und Designstudierenden, vom 11. bis 13.07.2025, in der Kreativ Kathedrale an. Ab dem Wintersemester 2025\/2026, das im Oktober 2025 beginnt, finden viele Kurse der Kunsthochschule in den eindrucksvollen R\u00e4umen der Kirche statt.<\/p>\n<\/div>\n\n\n\n<div class=\"wp-block-column is-layout-flow wp-block-column-is-layout-flow\" style=\"flex-basis:33.33%\">\n<figure class=\"wp-block-image size-large\"><img loading=\"lazy\" decoding=\"async\" width=\"1024\" height=\"729\" src=\"https:\/\/hbkessen.v6.rocks\/wp-content\/uploads\/2026\/01\/unnamed-1024x729.png\" alt=\"\" class=\"wp-image-2078\" srcset=\"https:\/\/hbkessen.v6.rocks\/wp-content\/uploads\/2026\/01\/unnamed-1024x729.png 1024w, https:\/\/hbkessen.v6.rocks\/wp-content\/uploads\/2026\/01\/unnamed-300x214.png 300w, https:\/\/hbkessen.v6.rocks\/wp-content\/uploads\/2026\/01\/unnamed-768x547.png 768w, https:\/\/hbkessen.v6.rocks\/wp-content\/uploads\/2026\/01\/unnamed.png 1280w\" sizes=\"auto, (max-width: 1024px) 100vw, 1024px\" \/><\/figure>\n<\/div>\n<\/div>\n\n\n\n<div style=\"height:64px\" aria-hidden=\"true\" class=\"wp-block-spacer\"><\/div>\n\n\n\n<hr class=\"wp-block-separator alignwide has-alpha-channel-opacity\"\/>\n\n\n\n<details class=\"wp-block-details alignwide is-layout-flow wp-block-details-is-layout-flow\"><summary><strong>PRESSEMITTEILUNG ZUM VERKAUF DER KIRCHE<\/strong><\/summary>\n<p><strong><em>Von der Kirche St. Gertrud zur KreativKathedrale TRUDI: Neues Kreativ- und Kulturzentrum in Essen<\/em><\/strong><br><br><em>Die katholische Pfarrei St. Gertrud gibt ihre Pfarrkirche in der City Nord.Essen auf. Die Kirche, das Pfarrhaus und das \u201eFriedrich-Uerlichs-Haus\u201c wurden an die Gertrudis GmbH &amp; Co. KG verkauft, die dort gemeinsam mit dem gemeinn\u00fctzigen Publik e.V. \u2013 Supporting Science and Society \u2013 ein Zentrum f\u00fcr Kunst, Kultur und Bildung entstehen l\u00e4sst. Ankermieter ist die staatlich anerkannte private Hochschule der bildenden K\u00fcnste Essen (HBK), die in diesem Geb\u00e4udekomplex ihre bislang auf Wuppertal und Essen-Kupferdreh verteilten Standorte b\u00fcndeln und bereits zum Wintersemester 2025\/2026 ihren Betrieb aufnehmen wird.<br>In einer Pressekonferenz am 19. Mai 2025 informierten die Beteiligten \u00fcber die zuk\u00fcnftigen Entwicklungen des Projekts \u201eKreativCampus City Nord.Essen\/KreativKathedrale TRUDI\u201c.<\/em><br><br>Zu Beginn der Pressekonferenz begr\u00fc\u00dfte Dr. Michael D\u00f6rnemann, Dompropst und Pfarrer der Innenstadtpfarrei, die Anwesenden. Er berichtete, dass im Rahmen des Pfarreienentwicklungsprozesses bereits 2018 entschieden wurde, sich von der Kirche zu trennen, da die aktive Ortsgemeinde in den vergangenen Jahren deutlich geschrumpft sei. Die pastoralen Angebote sowie die Pfarrei-Verwaltung werden k\u00fcnftig 600 Meter weiter s\u00fcdlich im Umfeld des Essener Doms verortet sein. Auch f\u00fcr die verschiedenen sozial-caritativen Angebote, f\u00fcr die die Pfarrei St. Gertrud bislang R\u00e4ume zur Verf\u00fcgung gestellt hat, wurden andere Orte gefunden worden bzw. stehen vor der finalen Abstimmung. Nach mehreren vergeblichen Vermarktungsversuchen sieht Dr. Michael D\u00f6rnemann die Zukunft der Kirche positiv: \u201eDie Aufgabe eines Kirchenstandorts sorgt verst\u00e4ndlicherweise immer f\u00fcr Trauer. Die gefundene Nachnutzung mit Kunst, Bildung und Kultur passt jedoch zu uns als Kirche, denn sie f\u00f6rdert Gemeinschaft, bietet Raum f\u00fcr Inspiration, Begegnung sowie Austausch und bereichert das kulturelle Leben.\u201c<br><br>Auch Oberb\u00fcrgermeister Thomas Kufen begr\u00fc\u00dfte die zuk\u00fcnftigen Entwicklungen der Kirche: \u201eIch freue mich sehr, dass diese traditionsreiche und stadtbildpr\u00e4gende Immobilie erhalten bleibt. F\u00fcr die City Nord.Essen ist die neue Nutzung ein Gl\u00fccksfall. Die Umwandlung der Kirche in ein Zentrum f\u00fcr Kunst, Kultur und Bildung ist ein starkes Zeichen f\u00fcr die kulturelle und kreative Weiterentwicklung der Stadt und kann daf\u00fcr sorgen, dass Essen als kreativer und kultureller Hotspot noch st\u00e4rker wahrgenommen wird.\u201c Daf\u00fcr sorgen wird nicht nur die Ansiedlung der Hochschule der bildenden K\u00fcnste Essen (HBK), sondern auch die geplante enge Kooperation der Hochschule mit K\u00fcnstler*innen, Kreativen und Kulturinstitutionen in der Innenstadt.<br><br>Das Projekt KreativCampus\/KreativKathedrale TRUDI wird aktiv die Kultur- und Bildungsst\u00e4tten in der Innenstadt einbinden, darunter die Hochschule der bildenden K\u00fcnste Essen, die Volkshochschule, die Zentralbibliothek, die Theater, das Atelierhaus, den Future Campus Ruhr, das Unperfekthaus und die Kreuzeskirche. Um diese Entwicklung zu unterst\u00fctzen, hat Team KURTI, die zentrale Anlaufstelle f\u00fcr K\u00fcnstler*innen und Kreative in Essen, gemeinsam mit dem Future Campus Ruhr und dem Publik e.V., die Antragstellung f\u00fcr das bundesweite F\u00f6rderprogamm \u201e\u00dcbermorgen \u2013 Neue Modelle f\u00fcr Kulturinstitutionen\u201c eingeleitet, um Mittel f\u00fcr die Umsetzung des Projekts zu gewinnen. Ein zentraler Aspekt des Projekts ist die gemeinsame Nutzung von Ressourcen wie R\u00e4umen, Werkst\u00e4tten und Personal.<br><br>Muchtar Al Ghusain, Vorstand des Gesch\u00e4ftsbereich Jugend, Bildung und Kultur f\u00fchrte daraufhin aus, dass das der KreativCampus das Potenzial hat, das kulturelle Leben der Stadt zu bereichern: \u201eDer KreativCampus bietet eine Plattform f\u00fcr die vielf\u00e4ltigen kulturellen Angebote im Kreativ.Quartier City Nord.Essen. Hier k\u00f6nnen neue Modelle erprobt werden, die alle Bev\u00f6lkerungsschichten einbeziehen und insbesondere auch das junge und internationale Publikum in der n\u00f6rdlichen Innenstad erreichen und aktivieren. Damit kann das Zentrum die f\u00fcr eine Gro\u00dfstadt hochrelevante integrative und innovative Funktion von Kunst und Kultur weiter st\u00e4rken.\u201c&nbsp;<br><br>Der neue KreativCampus markiert den n\u00f6rdlichen Eingang der City Nord.Essen. In dieser gut erreichbaren, urbanen Lage werden die Studierenden zuk\u00fcnftig eine gro\u00dfe Bandbreite gastronomischer Angebote und Nahversorgungsm\u00f6glichkeiten vorfinden. Zudem wird die Hochschule der bildenden K\u00fcnste Essen mit 400 Studierenden und 50&nbsp;Lehrenden zur Belebung des Kreativquartiers beitragen. Dazu Marco Ei\u00dfing vom Amt f\u00fcr Stadterneuerung und Bodenmanagement: \u201eDer KreativCampus City Nord.Essen stellt auch im Kontext des neuen Integrierten Entwicklungskonzepts \u201eZukunft.Essen.Innenstadt\u201c einen weiteren wichtigen Baustein zur Tranformation der Innenstadt dar.&nbsp;Die gesamte Innenstadt befindet sich derzeit in einer dynamischen Entwicklung. Dazu geh\u00f6rt direkt gegen\u00fcber der Gertrudiskirche die Transformation von zwei Geb\u00e4uden in CoWorking und Mikroapartments (POHA Haus und ehemaliges Leuchten Kaiser Haus), die f\u00fcr die Studierenden zus\u00e4tzliche Anlaufpunkte und Wohnm\u00f6glichkeiten offerieren. Das dazwischenliegende Brecklinghausgeb\u00e4ude wird neben den Geb\u00e4uden auf dem Kirchengel\u00e4nde sogar direkter Teil des KreativCampus und beherbergt in Zukunft die Bibliothek der HBK und verschiedene Kreativwerkst\u00e4tten. Erg\u00e4nzt um den Willy-Brandt-Platz mit dem K\u00f6nigshof und dem Eick-Haus sowie der Zentralbibliothek an der Marktkirche werden diese zentralen Knotenpunkte den Wandel der Innenstadt positiv beeinflussen.\u201c<br><br>Im Anschluss informierte der Pr\u00e4sident der HBK Essen Professor Dr. Luca Viglialoro \u00fcber das T\u00e4tigkeitsfeld der Hochschule. Sie verkn\u00fcpft die zeitgen\u00f6ssische freie bildende Kunst mit modernen und anwendungsorientierten Designstudieng\u00e4ngen wie Digital Fabrication Design, Digital Media Design und Game Art and Design und qualifiziert damit die Studierenden f\u00fcr die neuen Berufsfelder am Arbeitsmarkt. Kooperationen mit Galerien, Vereinen und Stiftungen helfen den Studierenden dabei, ihre Kunst zu pr\u00e4sentieren und in den Austausch mit anderen K\u00fcnstler*innen und der \u00d6ffentlichkeit zu treten. Dar\u00fcber hinaus veranstaltet die HBK Essen kulturwissenschaftliche Symposien und l\u00e4dt regelm\u00e4\u00dfig namhafte K\u00fcnstler*innen und Kunstwissenschaftler*innen zu Vortr\u00e4gen und Diskussionsrunden ein. Gleichzeitig ist die HBK Essen \u00fcber Kooperationspartner*innen international vernetzt. Im Zuge des Erasmus+ Austauschprogramms arbeitet die HBK Essen zudem mit internationalen Partnerhochschulen zusammen. Dazu Luca Viglialoro: \u201eWir ziehen Studierende aus der ganzen Welt an und unterst\u00fctzen sie dabei, starke K\u00fcnstler- und Gestalter*innenpers\u00f6nlichkeiten zu werden. Zudem f\u00f6rdern wir das aktive Hochschulleben durch den Umzug in das Zentrum von Essen und die unterschiedlichen Kooperationen mit ma\u00dfgeblichen Akteur*innen der Stadtgesellschaft. So wird der Standort Essen und die HBK Essen f\u00fcr Studierende noch attraktiver.\u201c&nbsp;<br><br>\u201eDie Kirche St. Gertrud oder TRUDI, wie wir sie liebevoll nennen, ist ein wundersch\u00f6ner Ort und schon immer ein Zentrum der Begegnung. Genau das soll TRUDI als neues Herz des Kreativ.Quartier City Essen.Nord auch bleiben und so als einzigartiger Kunst-, Kultur- und Eventort in bester Gesellschaft weit \u00fcber Essen hinaus strahlen,\u201c so Professor Dr. Daniel Lorberg, Gesamtprojektleiter f\u00fcr den KreativCampus und Vizepr\u00e4sident f\u00fcr Hochschulentwicklung an der HBK Essen. Er f\u00fchrt weiter aus, dass die immer sorgsam gepflegte Kirche dabei kaum Ver\u00e4nderungen braucht, um mit den umliegenden Geb\u00e4uden zusammen als Hochschulstandort und KreativCampus direkt genutzt zu werden. \u201eDeshalb m\u00fcssen wir auch keine lange Umbauphase \u00fcberstehen, bevor es losgeht\u201c, so Lorberg weiter.<br><br>Schon ab Juli 2025 wird es zahlreiche Gelegenheiten geben, sich den Ort auf kreative Weise neu zu erschlie\u00dfen. Dazu z\u00e4hlen das Mitmachprojekt DOPPELHAUS der K\u00fcnstlerin Pau Holtkamp und der OPEN CALL SUMMER SCHOOL FOR POLITICAL AND PLAYFUL EDUCATION 2025 von Transurban im Rahmen der FISU Games Rhine-Ruhr 2025. Aktuelle Informationen dazu und zu vielem mehr gibt es online unter trudi.nrw.<br><br>Die Pfarrei St. Gertrud wird sich im Juni von ihrer Pfarrkirche verabschieden: Am Donnerstag, 19. Juni wird ein letztes Mal der Segensaltar der Fronleichnamsprozession vor St. Gertrud errichtet. Am Sonntag, 22. Juni wird Bischof Franz-Josef Overbeck zusammen mit Pfarrer D\u00f6rnemann und der Gemeinde in der Kirche die letzte Heilige Messe feiern. Dieser Abschied markiert einen bedeutenden Wendepunkt in der Geschichte der Pfarrei St. Gertrud und einen Neubeginn f\u00fcr die kulturelle Landschaft der Stadt Essen.<\/p>\n<\/details>\n\n\n\n<details class=\"wp-block-details alignwide is-layout-flow wp-block-details-is-layout-flow\"><summary><strong><strong>KONTAKT<\/strong><\/strong><\/summary>\n<div class=\"wp-block-columns is-layout-flex wp-container-core-columns-is-layout-28f84493 wp-block-columns-is-layout-flex\">\n<div class=\"wp-block-column is-layout-flow wp-block-column-is-layout-flow\" style=\"flex-basis:50%\">\n<p><strong>Anschrift:<\/strong><br><br>Kreativ Campus Essen City Nord<br>Rottstra\u00dfe 32-36<br>45127 Essen<br><br>Telefon:&nbsp;0201 \/ 95 98 98 00 (Sekretariat HBK Essen)<\/p>\n<\/div>\n\n\n\n<div class=\"wp-block-column is-layout-flow wp-block-column-is-layout-flow\" style=\"flex-basis:50%\">\n<p><strong>Presseanfragen:&nbsp;<\/strong><br><br>Professor Dr. Daniel Lorberg<br><br><a href=\"mailto:daniel.lorberg@hbk-essen.de\" target=\"_blank\" rel=\"noreferrer noopener\">daniel.lorberg@hbk-essen.de<\/a><br><br><strong>Anfragen:&nbsp;<\/strong><br>info@publikev.de<\/p>\n<\/div>\n<\/div>\n<\/details>\n\n\n\n<hr class=\"wp-block-separator alignwide has-alpha-channel-opacity\"\/>\n\n\n\n<div style=\"height:34px\" aria-hidden=\"true\" class=\"wp-block-spacer\"><\/div>\n","protected":false},"excerpt":{"rendered":"<p>Unser Campus KULTUR- UND KREATIVZENTRUM Der&nbsp;Kreativ Campus Essen City.Nord&nbsp;umfasst die Kreativ Kathedrale, gro\u00dfe Teile des Brecklinghaus, das ehemalige Pfarrgeb\u00e4ude, einen ehemaligen Kindergarten sowie die weitl\u00e4ufigen Au\u00dfenbereiche um die Kirche. Der Campus bildet zusammen mit den umliegenden Pl\u00e4tzen den Abschluss der Essener Innenstadt nach Norden und vereint zahlreiche Akteure aus Kunst und Kultur in einem neuen [&hellip;]<\/p>\n","protected":false},"author":1,"featured_media":0,"parent":0,"menu_order":0,"comment_status":"closed","ping_status":"closed","template":"page-no-title","meta":{"footnotes":""},"folder":[12],"class_list":["post-651","page","type-page","status-publish","hentry"],"rttpg_featured_image_url":null,"rttpg_author":{"display_name":"tkreter","author_link":"https:\/\/hbkessen.v6.rocks\/?author=1"},"rttpg_comment":0,"rttpg_category":" <a href=\"https:\/\/hbkessen.v6.rocks\/?taxonomy=folder&#038;term=hochschule-1764569620-1\" rel=\"tag\">HOCHSCHULE<\/a>","rttpg_excerpt":"Unser Campus KULTUR- UND KREATIVZENTRUM Der&nbsp;Kreativ Campus Essen City.Nord&nbsp;umfasst die Kreativ Kathedrale, gro\u00dfe Teile des Brecklinghaus, das ehemalige Pfarrgeb\u00e4ude, einen ehemaligen Kindergarten sowie die weitl\u00e4ufigen Au\u00dfenbereiche um die Kirche. Der Campus bildet zusammen mit den umliegenden Pl\u00e4tzen den Abschluss der Essener Innenstadt nach Norden und vereint zahlreiche Akteure aus Kunst und Kultur in einem neuen&hellip;","_links":{"self":[{"href":"https:\/\/hbkessen.v6.rocks\/index.php?rest_route=\/wp\/v2\/pages\/651","targetHints":{"allow":["GET"]}}],"collection":[{"href":"https:\/\/hbkessen.v6.rocks\/index.php?rest_route=\/wp\/v2\/pages"}],"about":[{"href":"https:\/\/hbkessen.v6.rocks\/index.php?rest_route=\/wp\/v2\/types\/page"}],"author":[{"embeddable":true,"href":"https:\/\/hbkessen.v6.rocks\/index.php?rest_route=\/wp\/v2\/users\/1"}],"replies":[{"embeddable":true,"href":"https:\/\/hbkessen.v6.rocks\/index.php?rest_route=%2Fwp%2Fv2%2Fcomments&post=651"}],"version-history":[{"count":18,"href":"https:\/\/hbkessen.v6.rocks\/index.php?rest_route=\/wp\/v2\/pages\/651\/revisions"}],"predecessor-version":[{"id":2797,"href":"https:\/\/hbkessen.v6.rocks\/index.php?rest_route=\/wp\/v2\/pages\/651\/revisions\/2797"}],"wp:attachment":[{"href":"https:\/\/hbkessen.v6.rocks\/index.php?rest_route=%2Fwp%2Fv2%2Fmedia&parent=651"}],"wp:term":[{"taxonomy":"folder","embeddable":true,"href":"https:\/\/hbkessen.v6.rocks\/index.php?rest_route=%2Fwp%2Fv2%2Ffolder&post=651"}],"curies":[{"name":"wp","href":"https:\/\/api.w.org\/{rel}","templated":true}]}}