{"id":65,"date":"2025-11-13T18:49:49","date_gmt":"2025-11-13T17:49:49","guid":{"rendered":"https:\/\/hbkessen.v6.rocks\/?page_id=65"},"modified":"2025-12-15T16:05:38","modified_gmt":"2025-12-15T15:05:38","slug":"asta","status":"publish","type":"page","link":"https:\/\/hbkessen.v6.rocks\/?page_id=65","title":{"rendered":"AStA"},"content":{"rendered":"\n<div style=\"height:34px\" aria-hidden=\"true\" class=\"wp-block-spacer\"><\/div>\n\n\n\n<figure class=\"wp-block-image alignwide size-full\"><img loading=\"lazy\" decoding=\"async\" width=\"980\" height=\"552\" src=\"https:\/\/hbkessen.v6.rocks\/wp-content\/uploads\/2025\/12\/2018_07_18_hochschulfeier_web_08.jpg__980x552_q85_autocrop_crop-smart_cropper-image_module_querformat-_name-Querformat_subsampling-2.jpg\" alt=\"\" class=\"wp-image-1425\" srcset=\"https:\/\/hbkessen.v6.rocks\/wp-content\/uploads\/2025\/12\/2018_07_18_hochschulfeier_web_08.jpg__980x552_q85_autocrop_crop-smart_cropper-image_module_querformat-_name-Querformat_subsampling-2.jpg 980w, https:\/\/hbkessen.v6.rocks\/wp-content\/uploads\/2025\/12\/2018_07_18_hochschulfeier_web_08.jpg__980x552_q85_autocrop_crop-smart_cropper-image_module_querformat-_name-Querformat_subsampling-2-300x169.jpg 300w, https:\/\/hbkessen.v6.rocks\/wp-content\/uploads\/2025\/12\/2018_07_18_hochschulfeier_web_08.jpg__980x552_q85_autocrop_crop-smart_cropper-image_module_querformat-_name-Querformat_subsampling-2-768x433.jpg 768w\" sizes=\"auto, (max-width: 980px) 100vw, 980px\" \/><\/figure>\n\n\n\n<div style=\"height:34px\" aria-hidden=\"true\" class=\"wp-block-spacer\"><\/div>\n\n\n\n<h1 class=\"wp-block-heading alignwide\">AStA<\/h1>\n\n\n\n<div class=\"wp-block-columns alignwide is-layout-flex wp-container-core-columns-is-layout-28f84493 wp-block-columns-is-layout-flex\">\n<div class=\"wp-block-column is-layout-flow wp-block-column-is-layout-flow\" style=\"flex-basis:100%\">\n<p>Die an der HBK Essen eingeschriebenen Studierenden bilden die Studierendenschaft. Die Studierendenschaft regelt ihre Angelegenheiten auf Grundlage des Gesetzes \u00fcber die Kunsthochschulen des Landes Nordrhein-Westfalen und der Hochschulordnung selbst. Die Studierendenschaft gibt sich eine Ordnung. Die Stu\u00addierendenschaft w\u00e4hlt gem\u00e4\u00df ihrer Ordnung einen All\u00adgemeinen Studierendenausschuss (AStA). Der AStA entsendet Vertreter*innen gem\u00e4\u00df ihrer Ordnung in die anderen Organe der HBK Essen.<br><br><strong>Kontakt:<\/strong>&nbsp;<a href=\"mailto:asta@hbk-essen.de\" target=\"_blank\" rel=\"noreferrer noopener\">asta@hbk-essen.de<\/a><\/p>\n<\/div>\n<\/div>\n\n\n\n<div style=\"height:52px\" aria-hidden=\"true\" class=\"wp-block-spacer\"><\/div>\n\n\n\n<div class=\"wp-block-columns alignwide is-layout-flex wp-container-core-columns-is-layout-28f84493 wp-block-columns-is-layout-flex\">\n<div class=\"wp-block-column is-layout-flow wp-block-column-is-layout-flow\" style=\"flex-basis:100%\">\n<p><br><strong>VORSITZ<\/strong><\/p>\n<\/div>\n<\/div>\n\n\n\n<div class=\"wp-block-columns alignwide are-vertically-aligned-bottom is-layout-flex wp-container-core-columns-is-layout-fa584acd wp-block-columns-is-layout-flex\">\n<div class=\"wp-block-column is-vertically-aligned-bottom is-layout-flow wp-block-column-is-layout-flow\">\n<figure class=\"wp-block-image size-full\"><img loading=\"lazy\" decoding=\"async\" width=\"480\" height=\"640\" src=\"https:\/\/hbkessen.v6.rocks\/wp-content\/uploads\/2025\/12\/Jan_Kwiatek.jpg\" alt=\"\" class=\"wp-image-880\" srcset=\"https:\/\/hbkessen.v6.rocks\/wp-content\/uploads\/2025\/12\/Jan_Kwiatek.jpg 480w, https:\/\/hbkessen.v6.rocks\/wp-content\/uploads\/2025\/12\/Jan_Kwiatek-225x300.jpg 225w\" sizes=\"auto, (max-width: 480px) 100vw, 480px\" \/><figcaption class=\"wp-element-caption\"><strong>JAN KWIATEK<\/strong><br>1. VORSITZENDER, VERTRAUENSTUTOR, INTERNE &amp; EXTERNE KOMMUNIKATION PROJEKT-TEAM<\/figcaption><\/figure>\n<\/div>\n\n\n\n<div class=\"wp-block-column is-layout-flow wp-block-column-is-layout-flow\">\n<figure class=\"wp-block-image size-full\"><img loading=\"lazy\" decoding=\"async\" width=\"480\" height=\"640\" src=\"https:\/\/hbkessen.v6.rocks\/wp-content\/uploads\/2025\/12\/Sabrina_Krei.jpg\" alt=\"\" class=\"wp-image-884\" srcset=\"https:\/\/hbkessen.v6.rocks\/wp-content\/uploads\/2025\/12\/Sabrina_Krei.jpg 480w, https:\/\/hbkessen.v6.rocks\/wp-content\/uploads\/2025\/12\/Sabrina_Krei-225x300.jpg 225w\" sizes=\"auto, (max-width: 480px) 100vw, 480px\" \/><figcaption class=\"wp-element-caption\"><strong>SABRINA KREI<\/strong><br>2. VORSITZENDE, VERANSTALTUNGSKOMITEE, INTERNE &amp; EXTERNE KOMMUNIKATION<\/figcaption><\/figure>\n<\/div>\n\n\n\n<div class=\"wp-block-column is-layout-flow wp-block-column-is-layout-flow\"><\/div>\n\n\n\n<div class=\"wp-block-column is-layout-flow wp-block-column-is-layout-flow\"><\/div>\n<\/div>\n\n\n\n<div class=\"wp-block-columns alignwide is-layout-flex wp-container-core-columns-is-layout-28f84493 wp-block-columns-is-layout-flex\">\n<div class=\"wp-block-column is-layout-flow wp-block-column-is-layout-flow\" style=\"flex-basis:100%\">\n<p><strong>FAKULT\u00c4TSRAT DESIGN<\/strong><\/p>\n<\/div>\n<\/div>\n\n\n\n<div class=\"wp-block-columns alignwide are-vertically-aligned-bottom is-layout-flex wp-container-core-columns-is-layout-fa584acd wp-block-columns-is-layout-flex\">\n<div class=\"wp-block-column is-layout-flow wp-block-column-is-layout-flow\">\n<figure class=\"wp-block-image size-full\"><img loading=\"lazy\" decoding=\"async\" width=\"480\" height=\"640\" src=\"https:\/\/hbkessen.v6.rocks\/wp-content\/uploads\/2025\/12\/Sabrina_Krei.jpg\" alt=\"\" class=\"wp-image-884\" srcset=\"https:\/\/hbkessen.v6.rocks\/wp-content\/uploads\/2025\/12\/Sabrina_Krei.jpg 480w, https:\/\/hbkessen.v6.rocks\/wp-content\/uploads\/2025\/12\/Sabrina_Krei-225x300.jpg 225w\" sizes=\"auto, (max-width: 480px) 100vw, 480px\" \/><figcaption class=\"wp-element-caption\"><strong>SABRINA KREI<\/strong><br>1. STUDENTISCHER SITZ FAKULT\u00c4TSRAT DESIGN,VERANSTALTUNGSKOMITEE, INTERNE &amp; EXTERNE KOMMUNIKATION<\/figcaption><\/figure>\n<\/div>\n\n\n\n<div class=\"wp-block-column is-layout-flow wp-block-column-is-layout-flow\"><\/div>\n\n\n\n<div class=\"wp-block-column is-layout-flow wp-block-column-is-layout-flow\"><\/div>\n\n\n\n<div class=\"wp-block-column is-layout-flow wp-block-column-is-layout-flow\"><\/div>\n<\/div>\n\n\n\n<div class=\"wp-block-columns alignwide is-layout-flex wp-container-core-columns-is-layout-28f84493 wp-block-columns-is-layout-flex\">\n<div class=\"wp-block-column is-layout-flow wp-block-column-is-layout-flow\" style=\"flex-basis:100%\">\n<p><strong>FAKULT\u00c4TSRAT KUNST<\/strong><\/p>\n<\/div>\n<\/div>\n\n\n\n<div class=\"wp-block-columns alignwide are-vertically-aligned-bottom is-layout-flex wp-container-core-columns-is-layout-fa584acd wp-block-columns-is-layout-flex\">\n<div class=\"wp-block-column is-layout-flow wp-block-column-is-layout-flow\">\n<figure class=\"wp-block-image size-full\"><img loading=\"lazy\" decoding=\"async\" width=\"480\" height=\"640\" src=\"https:\/\/hbkessen.v6.rocks\/wp-content\/uploads\/2025\/12\/Phin_Senssfelder.jpg\" alt=\"\" class=\"wp-image-910\" srcset=\"https:\/\/hbkessen.v6.rocks\/wp-content\/uploads\/2025\/12\/Phin_Senssfelder.jpg 480w, https:\/\/hbkessen.v6.rocks\/wp-content\/uploads\/2025\/12\/Phin_Senssfelder-225x300.jpg 225w\" sizes=\"auto, (max-width: 480px) 100vw, 480px\" \/><figcaption class=\"wp-element-caption\"><strong>PHIN SENSSFELDER<\/strong><br>1. STUDENTISCHER SITZ FAKULT\u00c4TSRAT KUNST, VERTRAUENSTUTOR<\/figcaption><\/figure>\n<\/div>\n\n\n\n<div class=\"wp-block-column is-layout-flow wp-block-column-is-layout-flow\"><\/div>\n\n\n\n<div class=\"wp-block-column is-layout-flow wp-block-column-is-layout-flow\"><\/div>\n\n\n\n<div class=\"wp-block-column is-layout-flow wp-block-column-is-layout-flow\"><\/div>\n<\/div>\n\n\n\n<div class=\"wp-block-columns alignwide is-layout-flex wp-container-core-columns-is-layout-28f84493 wp-block-columns-is-layout-flex\">\n<div class=\"wp-block-column is-layout-flow wp-block-column-is-layout-flow\" style=\"flex-basis:100%\">\n<p><strong>FACHGEBIETS-REPR\u00c4SENTANTEN<\/strong><\/p>\n<\/div>\n<\/div>\n\n\n\n<div class=\"wp-block-columns alignwide are-vertically-aligned-bottom is-layout-flex wp-container-core-columns-is-layout-fa584acd wp-block-columns-is-layout-flex\">\n<div class=\"wp-block-column is-layout-flow wp-block-column-is-layout-flow\">\n<figure class=\"wp-block-image size-full\"><img loading=\"lazy\" decoding=\"async\" width=\"302\" height=\"338\" src=\"https:\/\/hbkessen.v6.rocks\/wp-content\/uploads\/2025\/12\/Fynn_Gerlitzki.jpg\" alt=\"\" class=\"wp-image-911\" srcset=\"https:\/\/hbkessen.v6.rocks\/wp-content\/uploads\/2025\/12\/Fynn_Gerlitzki.jpg 302w, https:\/\/hbkessen.v6.rocks\/wp-content\/uploads\/2025\/12\/Fynn_Gerlitzki-268x300.jpg 268w\" sizes=\"auto, (max-width: 302px) 100vw, 302px\" \/><figcaption class=\"wp-element-caption\"><strong>FYNN GERLITZKI<\/strong><br>1. REPR\u00c4SENTANT GAME ART AND DESIGN<\/figcaption><\/figure>\n<\/div>\n\n\n\n<div class=\"wp-block-column is-layout-flow wp-block-column-is-layout-flow\">\n<figure class=\"wp-block-image size-full\"><img loading=\"lazy\" decoding=\"async\" width=\"480\" height=\"640\" src=\"https:\/\/hbkessen.v6.rocks\/wp-content\/uploads\/2025\/12\/Kirsten_Unland.png\" alt=\"\" class=\"wp-image-912\" srcset=\"https:\/\/hbkessen.v6.rocks\/wp-content\/uploads\/2025\/12\/Kirsten_Unland.png 480w, https:\/\/hbkessen.v6.rocks\/wp-content\/uploads\/2025\/12\/Kirsten_Unland-225x300.png 225w\" sizes=\"auto, (max-width: 480px) 100vw, 480px\" \/><figcaption class=\"wp-element-caption\"><strong>KIRSTEN UNLAND<\/strong><br>2. REPR\u00c4SENTANTIN GAME ART AND DESIGN<\/figcaption><\/figure>\n<\/div>\n\n\n\n<div class=\"wp-block-column is-layout-flow wp-block-column-is-layout-flow\">\n<figure class=\"wp-block-image size-full\"><img loading=\"lazy\" decoding=\"async\" width=\"480\" height=\"640\" src=\"https:\/\/hbkessen.v6.rocks\/wp-content\/uploads\/2025\/12\/Ezra-Liss.jpg\" alt=\"\" class=\"wp-image-913\" srcset=\"https:\/\/hbkessen.v6.rocks\/wp-content\/uploads\/2025\/12\/Ezra-Liss.jpg 480w, https:\/\/hbkessen.v6.rocks\/wp-content\/uploads\/2025\/12\/Ezra-Liss-225x300.jpg 225w\" sizes=\"auto, (max-width: 480px) 100vw, 480px\" \/><figcaption class=\"wp-element-caption\"><strong>EZRA LISS<\/strong><br>1. REPR\u00c4SENTANT*IN FOTOGRAFIE\/MEDIENKUNST, INTERNE &amp; EXTERNE KOMMUNIKATION, PFLANZENDIENST<\/figcaption><\/figure>\n<\/div>\n\n\n\n<div class=\"wp-block-column is-layout-flow wp-block-column-is-layout-flow\">\n<figure class=\"wp-block-image size-full\"><img loading=\"lazy\" decoding=\"async\" width=\"480\" height=\"640\" src=\"https:\/\/hbkessen.v6.rocks\/wp-content\/uploads\/2025\/12\/Phin_Senssfelder.jpg\" alt=\"\" class=\"wp-image-910\" srcset=\"https:\/\/hbkessen.v6.rocks\/wp-content\/uploads\/2025\/12\/Phin_Senssfelder.jpg 480w, https:\/\/hbkessen.v6.rocks\/wp-content\/uploads\/2025\/12\/Phin_Senssfelder-225x300.jpg 225w\" sizes=\"auto, (max-width: 480px) 100vw, 480px\" \/><figcaption class=\"wp-element-caption\"><strong>PHIN SENSSFELDER<\/strong><br>1. REPR\u00c4SENTANT MALEREI\/GRAFIK<\/figcaption><\/figure>\n<\/div>\n<\/div>\n\n\n\n<div class=\"wp-block-columns alignwide is-layout-flex wp-container-core-columns-is-layout-28f84493 wp-block-columns-is-layout-flex\">\n<div class=\"wp-block-column is-layout-flow wp-block-column-is-layout-flow\" style=\"flex-basis:100%\">\n<p><strong>WEITERE POSITIONEN UND MITGLIEDER*INNEN<\/strong><\/p>\n<\/div>\n<\/div>\n\n\n\n<div class=\"wp-block-columns alignwide are-vertically-aligned-bottom is-layout-flex wp-container-core-columns-is-layout-fa584acd wp-block-columns-is-layout-flex\">\n<div class=\"wp-block-column is-layout-flow wp-block-column-is-layout-flow\">\n<figure class=\"wp-block-image size-full\"><img loading=\"lazy\" decoding=\"async\" width=\"480\" height=\"640\" src=\"https:\/\/hbkessen.v6.rocks\/wp-content\/uploads\/2025\/12\/Fabian_Wenikajtys.jpg\" alt=\"\" class=\"wp-image-917\" srcset=\"https:\/\/hbkessen.v6.rocks\/wp-content\/uploads\/2025\/12\/Fabian_Wenikajtys.jpg 480w, https:\/\/hbkessen.v6.rocks\/wp-content\/uploads\/2025\/12\/Fabian_Wenikajtys-225x300.jpg 225w\" sizes=\"auto, (max-width: 480px) 100vw, 480px\" \/><figcaption class=\"wp-element-caption\"><strong>FABIAN WENIKAJTYS<\/strong><br>VERANSTALTUNGSKOMITEE<\/figcaption><\/figure>\n<\/div>\n\n\n\n<div class=\"wp-block-column is-layout-flow wp-block-column-is-layout-flow\">\n<figure class=\"wp-block-image size-full\"><img loading=\"lazy\" decoding=\"async\" width=\"480\" height=\"640\" src=\"https:\/\/hbkessen.v6.rocks\/wp-content\/uploads\/2025\/12\/Student.jpg\" alt=\"\" class=\"wp-image-918\" srcset=\"https:\/\/hbkessen.v6.rocks\/wp-content\/uploads\/2025\/12\/Student.jpg 480w, https:\/\/hbkessen.v6.rocks\/wp-content\/uploads\/2025\/12\/Student-225x300.jpg 225w\" sizes=\"auto, (max-width: 480px) 100vw, 480px\" \/><figcaption class=\"wp-element-caption\"><strong>FEDERICO MACALUSO<\/strong><br>VERTRAUENSTUTOR, VERANSTALTUNGSKOMITEE, PROJEKT-TEAM<\/figcaption><\/figure>\n<\/div>\n\n\n\n<div class=\"wp-block-column is-layout-flow wp-block-column-is-layout-flow\">\n<figure class=\"wp-block-image size-full\"><img loading=\"lazy\" decoding=\"async\" width=\"480\" height=\"640\" src=\"https:\/\/hbkessen.v6.rocks\/wp-content\/uploads\/2025\/12\/Olivia_Pawelek.jpg\" alt=\"\" class=\"wp-image-919\" srcset=\"https:\/\/hbkessen.v6.rocks\/wp-content\/uploads\/2025\/12\/Olivia_Pawelek.jpg 480w, https:\/\/hbkessen.v6.rocks\/wp-content\/uploads\/2025\/12\/Olivia_Pawelek-225x300.jpg 225w\" sizes=\"auto, (max-width: 480px) 100vw, 480px\" \/><figcaption class=\"wp-element-caption\"><strong>OLIVIA PAWELEK<\/strong><br>VERANSTALTUNGSKOMITEE, HYGIENEBEAUFTRAGTE (TRUDI)<\/figcaption><\/figure>\n<\/div>\n\n\n\n<div class=\"wp-block-column is-layout-flow wp-block-column-is-layout-flow\">\n<figure class=\"wp-block-image size-full\"><img loading=\"lazy\" decoding=\"async\" width=\"480\" height=\"640\" src=\"https:\/\/hbkessen.v6.rocks\/wp-content\/uploads\/2025\/12\/Studentin.jpg\" alt=\"\" class=\"wp-image-920\" srcset=\"https:\/\/hbkessen.v6.rocks\/wp-content\/uploads\/2025\/12\/Studentin.jpg 480w, https:\/\/hbkessen.v6.rocks\/wp-content\/uploads\/2025\/12\/Studentin-225x300.jpg 225w\" sizes=\"auto, (max-width: 480px) 100vw, 480px\" \/><figcaption class=\"wp-element-caption\"><strong>DEAN NERGERT<\/strong><br>VERANSTALTUNGSKOMITEE, SCHL\u00dcSSELDIENST<\/figcaption><\/figure>\n<\/div>\n<\/div>\n\n\n\n<div class=\"wp-block-columns alignwide are-vertically-aligned-bottom is-layout-flex wp-container-core-columns-is-layout-fa584acd wp-block-columns-is-layout-flex\">\n<div class=\"wp-block-column is-layout-flow wp-block-column-is-layout-flow\">\n<figure class=\"wp-block-image size-full\"><img loading=\"lazy\" decoding=\"async\" width=\"480\" height=\"640\" src=\"https:\/\/hbkessen.v6.rocks\/wp-content\/uploads\/2025\/12\/Marcel_Asendorf.jpg\" alt=\"\" class=\"wp-image-921\" srcset=\"https:\/\/hbkessen.v6.rocks\/wp-content\/uploads\/2025\/12\/Marcel_Asendorf.jpg 480w, https:\/\/hbkessen.v6.rocks\/wp-content\/uploads\/2025\/12\/Marcel_Asendorf-225x300.jpg 225w\" sizes=\"auto, (max-width: 480px) 100vw, 480px\" \/><figcaption class=\"wp-element-caption\"><strong>MARCEL ASENDORF<\/strong><br>KASSENWART, ANSCHAFFUNGSKOMITEE, SCHL\u00dcSSELDIENST<\/figcaption><\/figure>\n<\/div>\n\n\n\n<div class=\"wp-block-column is-layout-flow wp-block-column-is-layout-flow\">\n<figure class=\"wp-block-image size-full\"><img loading=\"lazy\" decoding=\"async\" width=\"480\" height=\"640\" src=\"https:\/\/hbkessen.v6.rocks\/wp-content\/uploads\/2025\/12\/Jacob_Zuber.jpg\" alt=\"\" class=\"wp-image-922\" srcset=\"https:\/\/hbkessen.v6.rocks\/wp-content\/uploads\/2025\/12\/Jacob_Zuber.jpg 480w, https:\/\/hbkessen.v6.rocks\/wp-content\/uploads\/2025\/12\/Jacob_Zuber-225x300.jpg 225w\" sizes=\"auto, (max-width: 480px) 100vw, 480px\" \/><figcaption class=\"wp-element-caption\"><strong>JACOB ZUBER<\/strong><br>PROJEKT-TEAM<\/figcaption><\/figure>\n<\/div>\n\n\n\n<div class=\"wp-block-column is-layout-flow wp-block-column-is-layout-flow\">\n<figure class=\"wp-block-image size-full\"><img loading=\"lazy\" decoding=\"async\" width=\"480\" height=\"640\" src=\"https:\/\/hbkessen.v6.rocks\/wp-content\/uploads\/2025\/12\/Natalie_Kluck.jpg\" alt=\"\" class=\"wp-image-923\" srcset=\"https:\/\/hbkessen.v6.rocks\/wp-content\/uploads\/2025\/12\/Natalie_Kluck.jpg 480w, https:\/\/hbkessen.v6.rocks\/wp-content\/uploads\/2025\/12\/Natalie_Kluck-225x300.jpg 225w\" sizes=\"auto, (max-width: 480px) 100vw, 480px\" \/><figcaption class=\"wp-element-caption\"><strong>NATALIE KLUCK<\/strong><br>VERTRAUENSTUTORIN<\/figcaption><\/figure>\n<\/div>\n\n\n\n<div class=\"wp-block-column is-layout-flow wp-block-column-is-layout-flow\">\n<figure class=\"wp-block-image size-full\"><img loading=\"lazy\" decoding=\"async\" width=\"480\" height=\"640\" src=\"https:\/\/hbkessen.v6.rocks\/wp-content\/uploads\/2025\/12\/Rishiharan_Yasodharan.jpg\" alt=\"\" class=\"wp-image-924\" srcset=\"https:\/\/hbkessen.v6.rocks\/wp-content\/uploads\/2025\/12\/Rishiharan_Yasodharan.jpg 480w, https:\/\/hbkessen.v6.rocks\/wp-content\/uploads\/2025\/12\/Rishiharan_Yasodharan-225x300.jpg 225w\" sizes=\"auto, (max-width: 480px) 100vw, 480px\" \/><figcaption class=\"wp-element-caption\"><strong>RISHIHARAN YASODHARAN<\/strong><br>ANSCHAFFUNGSKOMITEE, ANSPRECHPARTNER F\u00dcR SOUND &amp; MALEBENE, SCHL\u00dcSSELDIENST<\/figcaption><\/figure>\n<\/div>\n<\/div>\n\n\n\n<div class=\"wp-block-columns alignwide are-vertically-aligned-bottom is-layout-flex wp-container-core-columns-is-layout-fa584acd wp-block-columns-is-layout-flex\">\n<div class=\"wp-block-column is-layout-flow wp-block-column-is-layout-flow\">\n<figure class=\"wp-block-image size-full\"><img loading=\"lazy\" decoding=\"async\" width=\"480\" height=\"640\" src=\"https:\/\/hbkessen.v6.rocks\/wp-content\/uploads\/2025\/12\/Kha_van_Luu_Zelinski.jpg\" alt=\"\" class=\"wp-image-925\" srcset=\"https:\/\/hbkessen.v6.rocks\/wp-content\/uploads\/2025\/12\/Kha_van_Luu_Zelinski.jpg 480w, https:\/\/hbkessen.v6.rocks\/wp-content\/uploads\/2025\/12\/Kha_van_Luu_Zelinski-225x300.jpg 225w\" sizes=\"auto, (max-width: 480px) 100vw, 480px\" \/><figcaption class=\"wp-element-caption\"><strong>KHA VAN LUU ZELINSKI<\/strong><br>VERANSTALTUNGSKOMITEE<\/figcaption><\/figure>\n<\/div>\n\n\n\n<div class=\"wp-block-column is-layout-flow wp-block-column-is-layout-flow\">\n<figure class=\"wp-block-image size-full\"><img loading=\"lazy\" decoding=\"async\" width=\"480\" height=\"640\" src=\"https:\/\/hbkessen.v6.rocks\/wp-content\/uploads\/2025\/12\/Studentin.jpg\" alt=\"\" class=\"wp-image-920\" srcset=\"https:\/\/hbkessen.v6.rocks\/wp-content\/uploads\/2025\/12\/Studentin.jpg 480w, https:\/\/hbkessen.v6.rocks\/wp-content\/uploads\/2025\/12\/Studentin-225x300.jpg 225w\" sizes=\"auto, (max-width: 480px) 100vw, 480px\" \/><figcaption class=\"wp-element-caption\"><strong>EMIRKAN KEKEVI<\/strong><br>VERANSTALTUNGSKOMITEE<\/figcaption><\/figure>\n<\/div>\n\n\n\n<div class=\"wp-block-column is-layout-flow wp-block-column-is-layout-flow\">\n<figure class=\"wp-block-image size-full\"><img loading=\"lazy\" decoding=\"async\" width=\"480\" height=\"640\" src=\"https:\/\/hbkessen.v6.rocks\/wp-content\/uploads\/2025\/12\/Miriam_Loeffler.jpg\" alt=\"\" class=\"wp-image-926\" srcset=\"https:\/\/hbkessen.v6.rocks\/wp-content\/uploads\/2025\/12\/Miriam_Loeffler.jpg 480w, https:\/\/hbkessen.v6.rocks\/wp-content\/uploads\/2025\/12\/Miriam_Loeffler-225x300.jpg 225w\" sizes=\"auto, (max-width: 480px) 100vw, 480px\" \/><figcaption class=\"wp-element-caption\"><strong>MIRIAM L\u00d6FFLER<\/strong><br>VERANSTALTUNGSKOMITEE, HYGIENEBEAUFTRAGTE (KUPFERDREH)<\/figcaption><\/figure>\n<\/div>\n\n\n\n<div class=\"wp-block-column is-layout-flow wp-block-column-is-layout-flow\">\n<figure class=\"wp-block-image size-full\"><img loading=\"lazy\" decoding=\"async\" width=\"480\" height=\"640\" src=\"https:\/\/hbkessen.v6.rocks\/wp-content\/uploads\/2025\/12\/Student.jpg\" alt=\"\" class=\"wp-image-918\" srcset=\"https:\/\/hbkessen.v6.rocks\/wp-content\/uploads\/2025\/12\/Student.jpg 480w, https:\/\/hbkessen.v6.rocks\/wp-content\/uploads\/2025\/12\/Student-225x300.jpg 225w\" sizes=\"auto, (max-width: 480px) 100vw, 480px\" \/><figcaption class=\"wp-element-caption\"><strong>PHILIPP L\u00dcER<\/strong><br>GLEICHSTELLUNGSBEAUFTRAGTER, VERTRAUENSTUTOR, VERANSTALTUNGSKOMITEE<\/figcaption><\/figure>\n<\/div>\n<\/div>\n\n\n\n<div class=\"wp-block-columns alignwide are-vertically-aligned-bottom is-layout-flex wp-container-core-columns-is-layout-fa584acd wp-block-columns-is-layout-flex\">\n<div class=\"wp-block-column is-layout-flow wp-block-column-is-layout-flow\">\n<figure class=\"wp-block-image size-full\"><img loading=\"lazy\" decoding=\"async\" width=\"480\" height=\"640\" src=\"https:\/\/hbkessen.v6.rocks\/wp-content\/uploads\/2025\/12\/Nora-Varga.jpg\" alt=\"\" class=\"wp-image-927\" srcset=\"https:\/\/hbkessen.v6.rocks\/wp-content\/uploads\/2025\/12\/Nora-Varga.jpg 480w, https:\/\/hbkessen.v6.rocks\/wp-content\/uploads\/2025\/12\/Nora-Varga-225x300.jpg 225w\" sizes=\"auto, (max-width: 480px) 100vw, 480px\" \/><figcaption class=\"wp-element-caption\"><strong>NORA VARGA<\/strong><br>LEADER IM VERANSTALTUNGSKOMITEE, PROTOKOLLANTIN<\/figcaption><\/figure>\n<\/div>\n\n\n\n<div class=\"wp-block-column is-layout-flow wp-block-column-is-layout-flow\">\n<figure class=\"wp-block-image size-full\"><img loading=\"lazy\" decoding=\"async\" width=\"480\" height=\"640\" src=\"https:\/\/hbkessen.v6.rocks\/wp-content\/uploads\/2025\/12\/Vivien_Voigt.jpg\" alt=\"\" class=\"wp-image-928\" srcset=\"https:\/\/hbkessen.v6.rocks\/wp-content\/uploads\/2025\/12\/Vivien_Voigt.jpg 480w, https:\/\/hbkessen.v6.rocks\/wp-content\/uploads\/2025\/12\/Vivien_Voigt-225x300.jpg 225w\" sizes=\"auto, (max-width: 480px) 100vw, 480px\" \/><figcaption class=\"wp-element-caption\"><strong>VIVIEN VOIGT<\/strong><br>PFLANZENDIENST, KITCHEN-HERO<\/figcaption><\/figure>\n<\/div>\n\n\n\n<div class=\"wp-block-column is-layout-flow wp-block-column-is-layout-flow\"><\/div>\n\n\n\n<div class=\"wp-block-column is-layout-flow wp-block-column-is-layout-flow\"><\/div>\n<\/div>\n\n\n\n<div style=\"height:34px\" aria-hidden=\"true\" class=\"wp-block-spacer\"><\/div>\n","protected":false},"excerpt":{"rendered":"<p>AStA Die an der HBK Essen eingeschriebenen Studierenden bilden die Studierendenschaft. Die Studierendenschaft regelt ihre Angelegenheiten auf Grundlage des Gesetzes \u00fcber die Kunsthochschulen des Landes Nordrhein-Westfalen und der Hochschulordnung selbst. Die Studierendenschaft gibt sich eine Ordnung. Die Stu\u00addierendenschaft w\u00e4hlt gem\u00e4\u00df ihrer Ordnung einen All\u00adgemeinen Studierendenausschuss (AStA). Der AStA entsendet Vertreter*innen gem\u00e4\u00df ihrer Ordnung in die [&hellip;]<\/p>\n","protected":false},"author":1,"featured_media":0,"parent":0,"menu_order":0,"comment_status":"closed","ping_status":"closed","template":"page-no-title","meta":{"footnotes":""},"folder":[13],"class_list":["post-65","page","type-page","status-publish","hentry"],"rttpg_featured_image_url":null,"rttpg_author":{"display_name":"tkreter","author_link":"https:\/\/hbkessen.v6.rocks\/?author=1"},"rttpg_comment":0,"rttpg_category":" <a href=\"https:\/\/hbkessen.v6.rocks\/?taxonomy=folder&#038;term=studierende-1764569620-1\" rel=\"tag\">STUDIERENDE<\/a>","rttpg_excerpt":"AStA Die an der HBK Essen eingeschriebenen Studierenden bilden die Studierendenschaft. Die Studierendenschaft regelt ihre Angelegenheiten auf Grundlage des Gesetzes \u00fcber die Kunsthochschulen des Landes Nordrhein-Westfalen und der Hochschulordnung selbst. Die Studierendenschaft gibt sich eine Ordnung. Die Stu\u00addierendenschaft w\u00e4hlt gem\u00e4\u00df ihrer Ordnung einen All\u00adgemeinen Studierendenausschuss (AStA). Der AStA entsendet Vertreter*innen gem\u00e4\u00df ihrer Ordnung in die&hellip;","_links":{"self":[{"href":"https:\/\/hbkessen.v6.rocks\/index.php?rest_route=\/wp\/v2\/pages\/65","targetHints":{"allow":["GET"]}}],"collection":[{"href":"https:\/\/hbkessen.v6.rocks\/index.php?rest_route=\/wp\/v2\/pages"}],"about":[{"href":"https:\/\/hbkessen.v6.rocks\/index.php?rest_route=\/wp\/v2\/types\/page"}],"author":[{"embeddable":true,"href":"https:\/\/hbkessen.v6.rocks\/index.php?rest_route=\/wp\/v2\/users\/1"}],"replies":[{"embeddable":true,"href":"https:\/\/hbkessen.v6.rocks\/index.php?rest_route=%2Fwp%2Fv2%2Fcomments&post=65"}],"version-history":[{"count":5,"href":"https:\/\/hbkessen.v6.rocks\/index.php?rest_route=\/wp\/v2\/pages\/65\/revisions"}],"predecessor-version":[{"id":1464,"href":"https:\/\/hbkessen.v6.rocks\/index.php?rest_route=\/wp\/v2\/pages\/65\/revisions\/1464"}],"wp:attachment":[{"href":"https:\/\/hbkessen.v6.rocks\/index.php?rest_route=%2Fwp%2Fv2%2Fmedia&parent=65"}],"wp:term":[{"taxonomy":"folder","embeddable":true,"href":"https:\/\/hbkessen.v6.rocks\/index.php?rest_route=%2Fwp%2Fv2%2Ffolder&post=65"}],"curies":[{"name":"wp","href":"https:\/\/api.w.org\/{rel}","templated":true}]}}