{"id":564,"date":"2025-11-27T16:47:08","date_gmt":"2025-11-27T15:47:08","guid":{"rendered":"https:\/\/hbkessen.v6.rocks\/?page_id=564"},"modified":"2026-01-05T10:58:20","modified_gmt":"2026-01-05T09:58:20","slug":"lukas-hellwig","status":"publish","type":"page","link":"https:\/\/hbkessen.v6.rocks\/?page_id=564","title":{"rendered":"Lukas Hellwig"},"content":{"rendered":"\n<div style=\"height:50px\" aria-hidden=\"true\" class=\"wp-block-spacer\"><\/div>\n\n\n\n<div class=\"wp-block-columns alignwide are-vertically-aligned-bottom is-layout-flex wp-container-core-columns-is-layout-fa584acd wp-block-columns-is-layout-flex\">\n<div class=\"wp-block-column is-vertically-aligned-bottom is-layout-flow wp-block-column-is-layout-flow\">\n<div class=\"wp-block-group is-nowrap is-layout-flex wp-container-core-group-is-layout-6c531013 wp-block-group-is-layout-flex\">\n<h1 class=\"wp-block-heading has-xx-large-font-size\">Lukas Hellwig<\/h1>\n<\/div>\n\n\n\n<div class=\"wp-block-group is-nowrap is-layout-flex wp-container-core-group-is-layout-6c531013 wp-block-group-is-layout-flex\">\n<p class=\"has-text-align-left\">Lehrbeauftragter, Digitales Produktdesign<\/p>\n<\/div>\n<\/div>\n\n\n\n<div class=\"wp-block-column is-vertically-aligned-bottom is-layout-flow wp-block-column-is-layout-flow\">\n<figure class=\"wp-block-image alignleft size-full is-resized\"><img loading=\"lazy\" decoding=\"async\" width=\"480\" height=\"640\" src=\"https:\/\/hbkessen.v6.rocks\/wp-content\/uploads\/2025\/11\/Lukas_Hellwig.jpg\" alt=\"\" class=\"wp-image-566\" style=\"width:290px;height:auto\" srcset=\"https:\/\/hbkessen.v6.rocks\/wp-content\/uploads\/2025\/11\/Lukas_Hellwig.jpg 480w, https:\/\/hbkessen.v6.rocks\/wp-content\/uploads\/2025\/11\/Lukas_Hellwig-225x300.jpg 225w\" sizes=\"auto, (max-width: 480px) 100vw, 480px\" \/><\/figure>\n<\/div>\n<\/div>\n\n\n\n<div style=\"height:50px\" aria-hidden=\"true\" class=\"wp-block-spacer\"><\/div>\n\n\n\n<div class=\"wp-block-columns alignwide are-vertically-aligned-top is-layout-flex wp-container-core-columns-is-layout-fa584acd wp-block-columns-is-layout-flex\">\n<div class=\"wp-block-column is-vertically-aligned-top is-layout-flow wp-block-column-is-layout-flow\">\n<div class=\"wp-block-group is-nowrap is-layout-flex wp-container-core-group-is-layout-6c531013 wp-block-group-is-layout-flex\">\n<p><strong>VITA<\/strong><br><br>seit 2020<br>Lehrbeauftragter an der HBK Essen im Fachgebiet Digitales Produktdesign, Schwerpunkt Konstruktion<br>und Mechanik<br><br>seit 2019<br>Gesch\u00e4ftsf\u00fchrer einer GmbH mit Schwerpunkt Personalberatung<br><br>seit 2019<br>Promotion in Information Systems, University of Jyv\u00e4skyl\u00e4, Finnland<br><br>seit 2018<br>Dozent &amp; Speaker digitale Fabrikation<br><br>seit 2018<br>Instructor FabAcademy<br><br>2018<br>FabAcademy Graduate, MIT Boston, USA<br><br>seit 2017<br>Freiberuflicher Innovationsberater<br><br>seit 2017<br>Wissenschaftlicher Mitarbeiter \/ Projektleiter<br><br>2017<br>Studienabschluss Technisches Produktmanagement (M.Sc.)<br><br>2015<br>Studienabschluss Maschinenbau (B.Sc.)<br><br>2013 \u2013 2019<br>Freiberuflicher Personalberater<br><br>1991<br>geboren in Gelsenkirchen<\/p>\n\n\n\n<p><br><\/p>\n<\/div>\n<\/div>\n\n\n\n<div class=\"wp-block-column is-vertically-aligned-top is-layout-flow wp-block-column-is-layout-flow\">\n<div class=\"wp-block-group has-global-padding is-content-justification-left is-layout-constrained wp-container-core-group-is-layout-12dd3699 wp-block-group-is-layout-constrained\">\n<p><strong>E-MAIL<\/strong><br><a href=\"mailto:lukas.hellwig@hbk-essen.de\">lukas.hellwig@hbk-essen.de<\/a><\/p>\n<\/div>\n<\/div>\n<\/div>\n","protected":false},"excerpt":{"rendered":"<p>Lukas Hellwig Lehrbeauftragter, Digitales Produktdesign VITA seit 2020Lehrbeauftragter an der HBK Essen im Fachgebiet Digitales Produktdesign, Schwerpunkt Konstruktionund Mechanik seit 2019Gesch\u00e4ftsf\u00fchrer einer GmbH mit Schwerpunkt Personalberatung seit 2019Promotion in Information Systems, University of Jyv\u00e4skyl\u00e4, Finnland seit 2018Dozent &amp; Speaker digitale Fabrikation seit 2018Instructor FabAcademy 2018FabAcademy Graduate, MIT Boston, USA seit 2017Freiberuflicher Innovationsberater seit 2017Wissenschaftlicher Mitarbeiter [&hellip;]<\/p>\n","protected":false},"author":2,"featured_media":0,"parent":0,"menu_order":0,"comment_status":"closed","ping_status":"closed","template":"page-no-title","meta":{"footnotes":""},"folder":[8],"class_list":["post-564","page","type-page","status-publish","hentry"],"rttpg_featured_image_url":null,"rttpg_author":{"display_name":"Duaa Bayoun","author_link":"https:\/\/hbkessen.v6.rocks\/?author=2"},"rttpg_comment":0,"rttpg_category":" <a href=\"https:\/\/hbkessen.v6.rocks\/?taxonomy=folder&#038;term=personen-1764506902-1\" rel=\"tag\">Personenseiten<\/a>","rttpg_excerpt":"Lukas Hellwig Lehrbeauftragter, Digitales Produktdesign VITA seit 2020Lehrbeauftragter an der HBK Essen im Fachgebiet Digitales Produktdesign, Schwerpunkt Konstruktionund Mechanik seit 2019Gesch\u00e4ftsf\u00fchrer einer GmbH mit Schwerpunkt Personalberatung seit 2019Promotion in Information Systems, University of Jyv\u00e4skyl\u00e4, Finnland seit 2018Dozent &amp; Speaker digitale Fabrikation seit 2018Instructor FabAcademy 2018FabAcademy Graduate, MIT Boston, USA seit 2017Freiberuflicher Innovationsberater seit 2017Wissenschaftlicher Mitarbeiter&hellip;","_links":{"self":[{"href":"https:\/\/hbkessen.v6.rocks\/index.php?rest_route=\/wp\/v2\/pages\/564","targetHints":{"allow":["GET"]}}],"collection":[{"href":"https:\/\/hbkessen.v6.rocks\/index.php?rest_route=\/wp\/v2\/pages"}],"about":[{"href":"https:\/\/hbkessen.v6.rocks\/index.php?rest_route=\/wp\/v2\/types\/page"}],"author":[{"embeddable":true,"href":"https:\/\/hbkessen.v6.rocks\/index.php?rest_route=\/wp\/v2\/users\/2"}],"replies":[{"embeddable":true,"href":"https:\/\/hbkessen.v6.rocks\/index.php?rest_route=%2Fwp%2Fv2%2Fcomments&post=564"}],"version-history":[{"count":3,"href":"https:\/\/hbkessen.v6.rocks\/index.php?rest_route=\/wp\/v2\/pages\/564\/revisions"}],"predecessor-version":[{"id":1755,"href":"https:\/\/hbkessen.v6.rocks\/index.php?rest_route=\/wp\/v2\/pages\/564\/revisions\/1755"}],"wp:attachment":[{"href":"https:\/\/hbkessen.v6.rocks\/index.php?rest_route=%2Fwp%2Fv2%2Fmedia&parent=564"}],"wp:term":[{"taxonomy":"folder","embeddable":true,"href":"https:\/\/hbkessen.v6.rocks\/index.php?rest_route=%2Fwp%2Fv2%2Ffolder&post=564"}],"curies":[{"name":"wp","href":"https:\/\/api.w.org\/{rel}","templated":true}]}}