{"id":515,"date":"2025-11-27T16:44:51","date_gmt":"2025-11-27T15:44:51","guid":{"rendered":"https:\/\/hbkessen.v6.rocks\/?page_id=515"},"modified":"2026-01-05T10:52:54","modified_gmt":"2026-01-05T09:52:54","slug":"barbara-fischer","status":"publish","type":"page","link":"https:\/\/hbkessen.v6.rocks\/?page_id=515","title":{"rendered":"Barbara Fischer"},"content":{"rendered":"\n<div style=\"height:50px\" aria-hidden=\"true\" class=\"wp-block-spacer\"><\/div>\n\n\n\n<div class=\"wp-block-columns alignwide are-vertically-aligned-bottom is-layout-flex wp-container-core-columns-is-layout-fa584acd wp-block-columns-is-layout-flex\">\n<div class=\"wp-block-column is-vertically-aligned-bottom is-layout-flow wp-block-column-is-layout-flow\">\n<div class=\"wp-block-group is-nowrap is-layout-flex wp-container-core-group-is-layout-6c531013 wp-block-group-is-layout-flex\">\n<h1 class=\"wp-block-heading has-xx-large-font-size\">Barbara Fischer<\/h1>\n<\/div>\n\n\n\n<div class=\"wp-block-group is-nowrap is-layout-flex wp-container-core-group-is-layout-6c531013 wp-block-group-is-layout-flex\">\n<p class=\"has-text-align-left\">Lehrbeauftragte, Fachgebiet Fotografie\/Medienkunst<\/p>\n<\/div>\n<\/div>\n\n\n\n<div class=\"wp-block-column is-vertically-aligned-bottom is-layout-flow wp-block-column-is-layout-flow\">\n<figure class=\"wp-block-image alignleft size-full is-resized\"><img loading=\"lazy\" decoding=\"async\" width=\"480\" height=\"640\" src=\"https:\/\/hbkessen.v6.rocks\/wp-content\/uploads\/2025\/11\/Barbara_Fischer.jpg\" alt=\"\" class=\"wp-image-517\" style=\"width:290px;height:auto\" srcset=\"https:\/\/hbkessen.v6.rocks\/wp-content\/uploads\/2025\/11\/Barbara_Fischer.jpg 480w, https:\/\/hbkessen.v6.rocks\/wp-content\/uploads\/2025\/11\/Barbara_Fischer-225x300.jpg 225w\" sizes=\"auto, (max-width: 480px) 100vw, 480px\" \/><\/figure>\n<\/div>\n<\/div>\n\n\n\n<div style=\"height:50px\" aria-hidden=\"true\" class=\"wp-block-spacer\"><\/div>\n\n\n\n<div class=\"wp-block-columns alignwide are-vertically-aligned-top is-layout-flex wp-container-core-columns-is-layout-fa584acd wp-block-columns-is-layout-flex\">\n<div class=\"wp-block-column is-vertically-aligned-top is-layout-flow wp-block-column-is-layout-flow\">\n<div class=\"wp-block-group is-nowrap is-layout-flex wp-container-core-group-is-layout-6c531013 wp-block-group-is-layout-flex\">\n<p><strong>VITA<\/strong><br><br>seit 2019<br>Lehrbeauftragte f\u00fcr Typografie an der HBK Essen in den B.A.-Studieng\u00e4ngen Design<br><br>seit 2018<br>Lehrbeauftragte f\u00fcr Typografie an der HBK Essen in den B.F.A.-Studieng\u00e4ngen Kunst<br><br>seit 1995<br>freiberufliche T\u00e4tigkeit als Grafik-Designerin<br><br>1993 \u2013 1994<br>Anstellung als Grafikerin in der Werbeagentur Jung v. Matt in Hamburg<br><br>1992<br>Diplom Grafik-Design<br><br>1987 \u2013 92<br>Grafik-Design Studium an der FH Dortmund<br><br>1963<br>geboren in D\u00fclmen<\/p>\n\n\n\n<p><br><\/p>\n<\/div>\n<\/div>\n\n\n\n<div class=\"wp-block-column is-vertically-aligned-top is-layout-flow wp-block-column-is-layout-flow\">\n<div class=\"wp-block-group has-global-padding is-content-justification-left is-layout-constrained wp-container-core-group-is-layout-12dd3699 wp-block-group-is-layout-constrained\">\n<p><strong>E-MAIL<\/strong><br><a href=\"mailto:barbara.fischer@hbk-essen.de\">barbara.fischer@hbk-essen.de<\/a><\/p>\n<\/div>\n<\/div>\n<\/div>\n","protected":false},"excerpt":{"rendered":"<p>Barbara Fischer Lehrbeauftragte, Fachgebiet Fotografie\/Medienkunst VITA seit 2019Lehrbeauftragte f\u00fcr Typografie an der HBK Essen in den B.A.-Studieng\u00e4ngen Design seit 2018Lehrbeauftragte f\u00fcr Typografie an der HBK Essen in den B.F.A.-Studieng\u00e4ngen Kunst seit 1995freiberufliche T\u00e4tigkeit als Grafik-Designerin 1993 \u2013 1994Anstellung als Grafikerin in der Werbeagentur Jung v. Matt in Hamburg 1992Diplom Grafik-Design 1987 \u2013 92Grafik-Design Studium an [&hellip;]<\/p>\n","protected":false},"author":2,"featured_media":0,"parent":0,"menu_order":0,"comment_status":"closed","ping_status":"closed","template":"page-no-title","meta":{"footnotes":""},"folder":[8],"class_list":["post-515","page","type-page","status-publish","hentry"],"rttpg_featured_image_url":null,"rttpg_author":{"display_name":"Duaa Bayoun","author_link":"https:\/\/hbkessen.v6.rocks\/?author=2"},"rttpg_comment":0,"rttpg_category":" <a href=\"https:\/\/hbkessen.v6.rocks\/?taxonomy=folder&#038;term=personen-1764506902-1\" rel=\"tag\">Personenseiten<\/a>","rttpg_excerpt":"Barbara Fischer Lehrbeauftragte, Fachgebiet Fotografie\/Medienkunst VITA seit 2019Lehrbeauftragte f\u00fcr Typografie an der HBK Essen in den B.A.-Studieng\u00e4ngen Design seit 2018Lehrbeauftragte f\u00fcr Typografie an der HBK Essen in den B.F.A.-Studieng\u00e4ngen Kunst seit 1995freiberufliche T\u00e4tigkeit als Grafik-Designerin 1993 \u2013 1994Anstellung als Grafikerin in der Werbeagentur Jung v. Matt in Hamburg 1992Diplom Grafik-Design 1987 \u2013 92Grafik-Design Studium an&hellip;","_links":{"self":[{"href":"https:\/\/hbkessen.v6.rocks\/index.php?rest_route=\/wp\/v2\/pages\/515","targetHints":{"allow":["GET"]}}],"collection":[{"href":"https:\/\/hbkessen.v6.rocks\/index.php?rest_route=\/wp\/v2\/pages"}],"about":[{"href":"https:\/\/hbkessen.v6.rocks\/index.php?rest_route=\/wp\/v2\/types\/page"}],"author":[{"embeddable":true,"href":"https:\/\/hbkessen.v6.rocks\/index.php?rest_route=\/wp\/v2\/users\/2"}],"replies":[{"embeddable":true,"href":"https:\/\/hbkessen.v6.rocks\/index.php?rest_route=%2Fwp%2Fv2%2Fcomments&post=515"}],"version-history":[{"count":5,"href":"https:\/\/hbkessen.v6.rocks\/index.php?rest_route=\/wp\/v2\/pages\/515\/revisions"}],"predecessor-version":[{"id":1751,"href":"https:\/\/hbkessen.v6.rocks\/index.php?rest_route=\/wp\/v2\/pages\/515\/revisions\/1751"}],"wp:attachment":[{"href":"https:\/\/hbkessen.v6.rocks\/index.php?rest_route=%2Fwp%2Fv2%2Fmedia&parent=515"}],"wp:term":[{"taxonomy":"folder","embeddable":true,"href":"https:\/\/hbkessen.v6.rocks\/index.php?rest_route=%2Fwp%2Fv2%2Ffolder&post=515"}],"curies":[{"name":"wp","href":"https:\/\/api.w.org\/{rel}","templated":true}]}}