{"id":505,"date":"2025-11-27T16:50:23","date_gmt":"2025-11-27T15:50:23","guid":{"rendered":"https:\/\/hbkessen.v6.rocks\/?page_id=505"},"modified":"2025-11-27T16:50:23","modified_gmt":"2025-11-27T15:50:23","slug":"prof-carsten-gliese","status":"publish","type":"page","link":"https:\/\/hbkessen.v6.rocks\/?page_id=505","title":{"rendered":"Prof. Carsten Gliese"},"content":{"rendered":"\n<div style=\"height:50px\" aria-hidden=\"true\" class=\"wp-block-spacer\"><\/div>\n\n\n\n<div class=\"wp-block-columns alignwide are-vertically-aligned-bottom is-layout-flex wp-container-core-columns-is-layout-fa584acd wp-block-columns-is-layout-flex\">\n<div class=\"wp-block-column is-vertically-aligned-bottom is-layout-flow wp-block-column-is-layout-flow\">\n<div class=\"wp-block-group is-nowrap is-layout-flex wp-container-core-group-is-layout-6c531013 wp-block-group-is-layout-flex\">\n<h1 class=\"wp-block-heading has-xx-large-font-size\">Prof. Carsten Gliese<\/h1>\n<\/div>\n\n\n\n<div class=\"wp-block-group is-nowrap is-layout-flex wp-container-core-group-is-layout-6c531013 wp-block-group-is-layout-flex\">\n<p class=\"has-text-align-left\">Dekan Fakult\u00e4t Kunst, Studiengangskoordinator, Fotografie\/Medienkunst, Beratung Studienbewerber*innen<\/p>\n<\/div>\n<\/div>\n\n\n\n<div class=\"wp-block-column is-vertically-aligned-bottom is-layout-flow wp-block-column-is-layout-flow\">\n<figure class=\"wp-block-image alignleft size-full is-resized\"><img loading=\"lazy\" decoding=\"async\" width=\"480\" height=\"640\" src=\"https:\/\/hbkessen.v6.rocks\/wp-content\/uploads\/2025\/11\/Prof_Carsten_Gliese.jpg\" alt=\"\" class=\"wp-image-507\" style=\"width:290px;height:auto\" srcset=\"https:\/\/hbkessen.v6.rocks\/wp-content\/uploads\/2025\/11\/Prof_Carsten_Gliese.jpg 480w, https:\/\/hbkessen.v6.rocks\/wp-content\/uploads\/2025\/11\/Prof_Carsten_Gliese-225x300.jpg 225w\" sizes=\"auto, (max-width: 480px) 100vw, 480px\" \/><\/figure>\n<\/div>\n<\/div>\n\n\n\n<div style=\"height:50px\" aria-hidden=\"true\" class=\"wp-block-spacer\"><\/div>\n\n\n\n<div class=\"wp-block-columns alignwide are-vertically-aligned-top is-layout-flex wp-container-core-columns-is-layout-fa584acd wp-block-columns-is-layout-flex\">\n<div class=\"wp-block-column is-vertically-aligned-top is-layout-flow wp-block-column-is-layout-flow\">\n<div class=\"wp-block-group is-nowrap is-layout-flex wp-container-core-group-is-layout-6c531013 wp-block-group-is-layout-flex\">\n<p><strong>VITA<\/strong><br><br>seit 2024<br>Vizepr\u00e4sident der HBK Essen<br><br>seit 2014<br>Professor f\u00fcr Fotografie\/Medienkunst, Fachgebietsleiter an der HBK Essen<br><br>2012 \u2013 2013<br>Dozent f\u00fcr Fotografie und interdisziplin\u00e4re Arbeit, fadbk, Essen<br><br>2010<br>Leo Breuer-Preis, Bonn<br>\u00a0<br>2008 \u2013 2009<br>Lehrauftrag f\u00fcr Fotografie, Kunstakademie M\u00fcnster\u00a0<br><br>2005<br>Karl Ernst Osthaus-Preis, Hagen<br><br>2003<br>F\u00f6rderpreis der Stiftung Kunst und Kultur der Stadt Magdeburg<br><br>2002 \u2013 2004<br>Leitung des Orientierungsbereiches der Kunstakademie M\u00fcnster (Dozentur)<br><br>1998<br>Kulturf\u00f6rderstipendium der westf\u00e4lischen Wirtschaft, M\u00fcnster<br><br>1996<br>Graduiertenstipendium\u00a0<br><br>seit 1995<br>Freier Bildender K\u00fcnstler, Ausstellungen im In- und Ausland\u00a0<br><br>1995<br>Akademiebrief (Diplom), Meistersch\u00fcler<br><br>1988<br>Studium der Freien Kunst, Kunstakademie M\u00fcnster<br><br>1965<br>geboren in Krefeld<\/p>\n\n\n\n<p><br><\/p>\n<\/div>\n<\/div>\n\n\n\n<div class=\"wp-block-column is-vertically-aligned-top is-layout-flow wp-block-column-is-layout-flow\">\n<div class=\"wp-block-group has-global-padding is-content-justification-left is-layout-constrained wp-container-core-group-is-layout-12dd3699 wp-block-group-is-layout-constrained\">\n<p><strong>E-MAIL<\/strong><br><a href=\"mailto:carsten.gliese@hbk-essen.de\">carsten.gliese@hbk-essen.de<\/a><\/p>\n\n\n\n<p><strong>WEBSITE<\/strong><br><a href=\"http:\/\/www.carstengliese.de\">http:\/\/www.carstengliese.de<\/a><\/p>\n<\/div>\n<\/div>\n<\/div>\n","protected":false},"excerpt":{"rendered":"<p>Prof. Carsten Gliese Dekan Fakult\u00e4t Kunst, Studiengangskoordinator, Fotografie\/Medienkunst, Beratung Studienbewerber*innen VITA seit 2024Vizepr\u00e4sident der HBK Essen seit 2014Professor f\u00fcr Fotografie\/Medienkunst, Fachgebietsleiter an der HBK Essen 2012 \u2013 2013Dozent f\u00fcr Fotografie und interdisziplin\u00e4re Arbeit, fadbk, Essen 2010Leo Breuer-Preis, Bonn\u00a02008 \u2013 2009Lehrauftrag f\u00fcr Fotografie, Kunstakademie M\u00fcnster\u00a0 2005Karl Ernst Osthaus-Preis, Hagen 2003F\u00f6rderpreis der Stiftung Kunst und Kultur der [&hellip;]<\/p>\n","protected":false},"author":2,"featured_media":0,"parent":0,"menu_order":0,"comment_status":"closed","ping_status":"closed","template":"page-no-title","meta":{"footnotes":""},"folder":[8],"class_list":["post-505","page","type-page","status-publish","hentry"],"rttpg_featured_image_url":null,"rttpg_author":{"display_name":"Duaa Bayoun","author_link":"https:\/\/hbkessen.v6.rocks\/?author=2"},"rttpg_comment":0,"rttpg_category":" <a href=\"https:\/\/hbkessen.v6.rocks\/?taxonomy=folder&#038;term=personen-1764506902-1\" rel=\"tag\">Personenseiten<\/a>","rttpg_excerpt":"Prof. Carsten Gliese Dekan Fakult\u00e4t Kunst, Studiengangskoordinator, Fotografie\/Medienkunst, Beratung Studienbewerber*innen VITA seit 2024Vizepr\u00e4sident der HBK Essen seit 2014Professor f\u00fcr Fotografie\/Medienkunst, Fachgebietsleiter an der HBK Essen 2012 \u2013 2013Dozent f\u00fcr Fotografie und interdisziplin\u00e4re Arbeit, fadbk, Essen 2010Leo Breuer-Preis, Bonn\u00a02008 \u2013 2009Lehrauftrag f\u00fcr Fotografie, Kunstakademie M\u00fcnster\u00a0 2005Karl Ernst Osthaus-Preis, Hagen 2003F\u00f6rderpreis der Stiftung Kunst und Kultur der&hellip;","_links":{"self":[{"href":"https:\/\/hbkessen.v6.rocks\/index.php?rest_route=\/wp\/v2\/pages\/505","targetHints":{"allow":["GET"]}}],"collection":[{"href":"https:\/\/hbkessen.v6.rocks\/index.php?rest_route=\/wp\/v2\/pages"}],"about":[{"href":"https:\/\/hbkessen.v6.rocks\/index.php?rest_route=\/wp\/v2\/types\/page"}],"author":[{"embeddable":true,"href":"https:\/\/hbkessen.v6.rocks\/index.php?rest_route=\/wp\/v2\/users\/2"}],"replies":[{"embeddable":true,"href":"https:\/\/hbkessen.v6.rocks\/index.php?rest_route=%2Fwp%2Fv2%2Fcomments&post=505"}],"version-history":[{"count":2,"href":"https:\/\/hbkessen.v6.rocks\/index.php?rest_route=\/wp\/v2\/pages\/505\/revisions"}],"predecessor-version":[{"id":508,"href":"https:\/\/hbkessen.v6.rocks\/index.php?rest_route=\/wp\/v2\/pages\/505\/revisions\/508"}],"wp:attachment":[{"href":"https:\/\/hbkessen.v6.rocks\/index.php?rest_route=%2Fwp%2Fv2%2Fmedia&parent=505"}],"wp:term":[{"taxonomy":"folder","embeddable":true,"href":"https:\/\/hbkessen.v6.rocks\/index.php?rest_route=%2Fwp%2Fv2%2Ffolder&post=505"}],"curies":[{"name":"wp","href":"https:\/\/api.w.org\/{rel}","templated":true}]}}