{"id":493,"date":"2025-11-27T16:48:07","date_gmt":"2025-11-27T15:48:07","guid":{"rendered":"https:\/\/hbkessen.v6.rocks\/?page_id=493"},"modified":"2025-11-27T16:48:07","modified_gmt":"2025-11-27T15:48:07","slug":"siegbert-altmiks","status":"publish","type":"page","link":"https:\/\/hbkessen.v6.rocks\/?page_id=493","title":{"rendered":"Siegbert Altmiks"},"content":{"rendered":"\n<div style=\"height:50px\" aria-hidden=\"true\" class=\"wp-block-spacer\"><\/div>\n\n\n\n<div class=\"wp-block-columns alignwide are-vertically-aligned-bottom is-layout-flex wp-container-core-columns-is-layout-fa584acd wp-block-columns-is-layout-flex\">\n<div class=\"wp-block-column is-vertically-aligned-bottom is-layout-flow wp-block-column-is-layout-flow\">\n<div class=\"wp-block-group is-nowrap is-layout-flex wp-container-core-group-is-layout-6c531013 wp-block-group-is-layout-flex\">\n<h1 class=\"wp-block-heading has-xx-large-font-size\">Siegbert Altmiks<\/h1>\n<\/div>\n\n\n\n<div class=\"wp-block-group is-nowrap is-layout-flex wp-container-core-group-is-layout-6c531013 wp-block-group-is-layout-flex\">\n<p class=\"has-text-align-left\">Lehrbeauftragter, Fachgebiet Skulptur\/Installation<\/p>\n<\/div>\n<\/div>\n\n\n\n<div class=\"wp-block-column is-vertically-aligned-bottom is-layout-flow wp-block-column-is-layout-flow\">\n<figure class=\"wp-block-image alignleft size-full is-resized\"><img loading=\"lazy\" decoding=\"async\" width=\"480\" height=\"640\" src=\"https:\/\/hbkessen.v6.rocks\/wp-content\/uploads\/2025\/11\/Siegbert_Altmiks.jpg\" alt=\"\" class=\"wp-image-495\" style=\"width:290px;height:auto\" srcset=\"https:\/\/hbkessen.v6.rocks\/wp-content\/uploads\/2025\/11\/Siegbert_Altmiks.jpg 480w, https:\/\/hbkessen.v6.rocks\/wp-content\/uploads\/2025\/11\/Siegbert_Altmiks-225x300.jpg 225w\" sizes=\"auto, (max-width: 480px) 100vw, 480px\" \/><\/figure>\n<\/div>\n<\/div>\n\n\n\n<div style=\"height:50px\" aria-hidden=\"true\" class=\"wp-block-spacer\"><\/div>\n\n\n\n<div class=\"wp-block-columns alignwide are-vertically-aligned-top is-layout-flex wp-container-core-columns-is-layout-fa584acd wp-block-columns-is-layout-flex\">\n<div class=\"wp-block-column is-vertically-aligned-top is-layout-flow wp-block-column-is-layout-flow\">\n<div class=\"wp-block-group is-nowrap is-layout-flex wp-container-core-group-is-layout-6c531013 wp-block-group-is-layout-flex\">\n<p><strong>VITA<\/strong><br><br>seit 2019<br>Lehrbeauftragter f\u00fcr Plastisches Gestalten an der HBK Essen in den B.A.-Studieng\u00e4ngen Design<br><br>seit 2014<br>Lehrbeauftragter f\u00fcr Plastisches Gestalten an der HBK Essen in den B.F.A.-Studieng\u00e4ngen Kunst und Lehrbeauftragter f\u00fcr Plastisches Gestalten an der fadbk<br><br>2008<br>International Funeral Award im Bereich Gestaltung, Antwerpen<br><br>seit 2004<br>kontinuierliche Dozentent\u00e4tigkeit im Fachbereich Bildhauerei\/Plastik im In- und Ausland<br><br>seit 2000<br>Freischaffender Bildhauer\/K\u00fcnstler, Bundesweite Ausstellungen<br><br>1988<br>Studium der Bildhauerei, Alanus-Hochschule der musischen und bildenden K\u00fcnste in Bonn\/Alfter<br><br>1984<br>Auszeichnung des Landes NRW<br><br>1981<br>Ausbildung zum Steinbildhauer, Essen<br><br>1963<br>geboren in Essen<\/p>\n\n\n\n<p><br><\/p>\n<\/div>\n<\/div>\n\n\n\n<div class=\"wp-block-column is-vertically-aligned-top is-layout-flow wp-block-column-is-layout-flow\">\n<div class=\"wp-block-group has-global-padding is-content-justification-left is-layout-constrained wp-container-core-group-is-layout-12dd3699 wp-block-group-is-layout-constrained\">\n<p><strong>E-MAIL<\/strong><br><a href=\"mailto:siegbert.altmiks@hbk-essen.de\">siegbert.altmiks@hbk-essen.de<\/a><\/p>\n\n\n\n<p><strong>WEBSITE<\/strong><br><a href=\"http:\/\/www.siegbert-altmiks.de\">http:\/\/www.siegbert-altmiks.de<\/a><\/p>\n<\/div>\n<\/div>\n<\/div>\n","protected":false},"excerpt":{"rendered":"<p>Siegbert Altmiks Lehrbeauftragter, Fachgebiet Skulptur\/Installation VITA seit 2019Lehrbeauftragter f\u00fcr Plastisches Gestalten an der HBK Essen in den B.A.-Studieng\u00e4ngen Design seit 2014Lehrbeauftragter f\u00fcr Plastisches Gestalten an der HBK Essen in den B.F.A.-Studieng\u00e4ngen Kunst und Lehrbeauftragter f\u00fcr Plastisches Gestalten an der fadbk 2008International Funeral Award im Bereich Gestaltung, Antwerpen seit 2004kontinuierliche Dozentent\u00e4tigkeit im Fachbereich Bildhauerei\/Plastik im In- [&hellip;]<\/p>\n","protected":false},"author":2,"featured_media":0,"parent":0,"menu_order":0,"comment_status":"closed","ping_status":"closed","template":"page-no-title","meta":{"footnotes":""},"folder":[8],"class_list":["post-493","page","type-page","status-publish","hentry"],"rttpg_featured_image_url":null,"rttpg_author":{"display_name":"Duaa Bayoun","author_link":"https:\/\/hbkessen.v6.rocks\/?author=2"},"rttpg_comment":0,"rttpg_category":" <a href=\"https:\/\/hbkessen.v6.rocks\/?taxonomy=folder&#038;term=personen-1764506902-1\" rel=\"tag\">Personenseiten<\/a>","rttpg_excerpt":"Siegbert Altmiks Lehrbeauftragter, Fachgebiet Skulptur\/Installation VITA seit 2019Lehrbeauftragter f\u00fcr Plastisches Gestalten an der HBK Essen in den B.A.-Studieng\u00e4ngen Design seit 2014Lehrbeauftragter f\u00fcr Plastisches Gestalten an der HBK Essen in den B.F.A.-Studieng\u00e4ngen Kunst und Lehrbeauftragter f\u00fcr Plastisches Gestalten an der fadbk 2008International Funeral Award im Bereich Gestaltung, Antwerpen seit 2004kontinuierliche Dozentent\u00e4tigkeit im Fachbereich Bildhauerei\/Plastik im In-&hellip;","_links":{"self":[{"href":"https:\/\/hbkessen.v6.rocks\/index.php?rest_route=\/wp\/v2\/pages\/493","targetHints":{"allow":["GET"]}}],"collection":[{"href":"https:\/\/hbkessen.v6.rocks\/index.php?rest_route=\/wp\/v2\/pages"}],"about":[{"href":"https:\/\/hbkessen.v6.rocks\/index.php?rest_route=\/wp\/v2\/types\/page"}],"author":[{"embeddable":true,"href":"https:\/\/hbkessen.v6.rocks\/index.php?rest_route=\/wp\/v2\/users\/2"}],"replies":[{"embeddable":true,"href":"https:\/\/hbkessen.v6.rocks\/index.php?rest_route=%2Fwp%2Fv2%2Fcomments&post=493"}],"version-history":[{"count":3,"href":"https:\/\/hbkessen.v6.rocks\/index.php?rest_route=\/wp\/v2\/pages\/493\/revisions"}],"predecessor-version":[{"id":497,"href":"https:\/\/hbkessen.v6.rocks\/index.php?rest_route=\/wp\/v2\/pages\/493\/revisions\/497"}],"wp:attachment":[{"href":"https:\/\/hbkessen.v6.rocks\/index.php?rest_route=%2Fwp%2Fv2%2Fmedia&parent=493"}],"wp:term":[{"taxonomy":"folder","embeddable":true,"href":"https:\/\/hbkessen.v6.rocks\/index.php?rest_route=%2Fwp%2Fv2%2Ffolder&post=493"}],"curies":[{"name":"wp","href":"https:\/\/api.w.org\/{rel}","templated":true}]}}