{"id":427,"date":"2025-11-27T16:47:54","date_gmt":"2025-11-27T15:47:54","guid":{"rendered":"https:\/\/hbkessen.v6.rocks\/?page_id=427"},"modified":"2026-01-05T11:08:25","modified_gmt":"2026-01-05T10:08:25","slug":"stefan-becker-schmitz","status":"publish","type":"page","link":"https:\/\/hbkessen.v6.rocks\/?page_id=427","title":{"rendered":"Stefan Becker Schmitz"},"content":{"rendered":"\n<div style=\"height:50px\" aria-hidden=\"true\" class=\"wp-block-spacer\"><\/div>\n\n\n\n<div class=\"wp-block-columns alignwide are-vertically-aligned-bottom is-layout-flex wp-container-core-columns-is-layout-fa584acd wp-block-columns-is-layout-flex\">\n<div class=\"wp-block-column is-vertically-aligned-bottom is-layout-flow wp-block-column-is-layout-flow\">\n<div class=\"wp-block-group is-nowrap is-layout-flex wp-container-core-group-is-layout-6c531013 wp-block-group-is-layout-flex\">\n<h1 class=\"wp-block-heading has-xx-large-font-size\">Stefan Becker Schmitz<\/h1>\n<\/div>\n\n\n\n<div class=\"wp-block-group is-nowrap is-layout-flex wp-container-core-group-is-layout-6c531013 wp-block-group-is-layout-flex\">\n<p class=\"has-text-align-left\">K\u00fcnstlerischer Werkstattleiter, Malerei\/Grafik<\/p>\n<\/div>\n<\/div>\n\n\n\n<div class=\"wp-block-column is-vertically-aligned-bottom is-layout-flow wp-block-column-is-layout-flow\">\n<figure class=\"wp-block-image alignleft size-full is-resized\"><img loading=\"lazy\" decoding=\"async\" width=\"480\" height=\"640\" src=\"https:\/\/hbkessen.v6.rocks\/wp-content\/uploads\/2025\/11\/Stefan_Becker_Schmitz.jpg\" alt=\"\" class=\"wp-image-429\" style=\"width:290px;height:auto\" srcset=\"https:\/\/hbkessen.v6.rocks\/wp-content\/uploads\/2025\/11\/Stefan_Becker_Schmitz.jpg 480w, https:\/\/hbkessen.v6.rocks\/wp-content\/uploads\/2025\/11\/Stefan_Becker_Schmitz-225x300.jpg 225w\" sizes=\"auto, (max-width: 480px) 100vw, 480px\" \/><\/figure>\n<\/div>\n<\/div>\n\n\n\n<div style=\"height:50px\" aria-hidden=\"true\" class=\"wp-block-spacer\"><\/div>\n\n\n\n<div class=\"wp-block-columns alignwide are-vertically-aligned-top is-layout-flex wp-container-core-columns-is-layout-fa584acd wp-block-columns-is-layout-flex\">\n<div class=\"wp-block-column is-vertically-aligned-top is-layout-flow wp-block-column-is-layout-flow\">\n<div class=\"wp-block-group is-nowrap is-layout-flex wp-container-core-group-is-layout-6c531013 wp-block-group-is-layout-flex\">\n<p><strong>VITA<\/strong><br><br>seit 2018\u00a0<br>Werkstattleitung Maltechnik an der HBK Essen\u00a0<br><br>2017<br>Gr\u00fcnder und ehrenamtlicher Kurator des Atelierhaus Moers zur F\u00f6rderung der Bildenden K\u00fcnste<br><br>2017<br>Bundesf\u00f6rderung \u201eWolkenf\u00e4nger\u201c<br><br>2017<br>Landesf\u00f6rderung NRW und Gr\u00fcnder des 3K Labor<br><br>2016<br>Kreativer Leiter und stellvertretender Betriebsleiter bei der wfbm gGmbH, Duisburg<br><br>Seit 2015<br>Dozent an der HBK Essen<br><br>2014<br>Internationaler Kulturaustausch Iglesias, Italien<br><br>2015<br>Gastvortrag Ruhr Universit\u00e4t Bochum, Fachbereich Architektur<br><br>2015<br>Landesf\u00f6rderung NRW \u201eLiving In A Sculpure\u201c<br><br>2012<br>Preistr\u00e4ger Artbahn Award D\u00fcsseldorf<br><br>2012<br>nominiert f\u00fcr den Space Art Award D\u00fcsseldorf<br><br>2010<br>Meistersch\u00fcler mit Auszeichnung bei Wolfgang Hambrecht und Stephan Paul Schneider.<br><br>2008 \u2013 2010<br>Akademief\u00f6rderung der Freien Akademie der Bildenden K\u00fcnste, Essen<br><br>2007 \u2013 2010<br>Atelierstipendium der Stadt Oberhausen<br><br>2003 \u2013 2005<br>Studium der Soziologie an der Mercator Universit\u00e4t Duisburg<br><br>1980\u00a0<br>geboren in Moers<\/p>\n\n\n\n<p><br><br> &nbsp;<br><br><\/p>\n<\/div>\n<\/div>\n\n\n\n<div class=\"wp-block-column is-vertically-aligned-top is-layout-flow wp-block-column-is-layout-flow\">\n<div class=\"wp-block-group has-global-padding is-content-justification-left is-layout-constrained wp-container-core-group-is-layout-12dd3699 wp-block-group-is-layout-constrained\">\n<p><strong>E-MAIL<\/strong><br><a href=\"mailto:becker.schmitz@hbk-essen.de\">becker.schmitz@hbk-essen.de<\/a><\/p>\n<\/div>\n<\/div>\n<\/div>\n","protected":false},"excerpt":{"rendered":"<p>Stefan Becker Schmitz K\u00fcnstlerischer Werkstattleiter, Malerei\/Grafik VITA seit 2018\u00a0Werkstattleitung Maltechnik an der HBK Essen\u00a0 2017Gr\u00fcnder und ehrenamtlicher Kurator des Atelierhaus Moers zur F\u00f6rderung der Bildenden K\u00fcnste 2017Bundesf\u00f6rderung \u201eWolkenf\u00e4nger\u201c 2017Landesf\u00f6rderung NRW und Gr\u00fcnder des 3K Labor 2016Kreativer Leiter und stellvertretender Betriebsleiter bei der wfbm gGmbH, Duisburg Seit 2015Dozent an der HBK Essen 2014Internationaler Kulturaustausch Iglesias, Italien [&hellip;]<\/p>\n","protected":false},"author":2,"featured_media":0,"parent":0,"menu_order":0,"comment_status":"closed","ping_status":"closed","template":"page-no-title","meta":{"footnotes":""},"folder":[8],"class_list":["post-427","page","type-page","status-publish","hentry"],"rttpg_featured_image_url":null,"rttpg_author":{"display_name":"Duaa Bayoun","author_link":"https:\/\/hbkessen.v6.rocks\/?author=2"},"rttpg_comment":0,"rttpg_category":" <a href=\"https:\/\/hbkessen.v6.rocks\/?taxonomy=folder&#038;term=personen-1764506902-1\" rel=\"tag\">Personenseiten<\/a>","rttpg_excerpt":"Stefan Becker Schmitz K\u00fcnstlerischer Werkstattleiter, Malerei\/Grafik VITA seit 2018\u00a0Werkstattleitung Maltechnik an der HBK Essen\u00a0 2017Gr\u00fcnder und ehrenamtlicher Kurator des Atelierhaus Moers zur F\u00f6rderung der Bildenden K\u00fcnste 2017Bundesf\u00f6rderung \u201eWolkenf\u00e4nger\u201c 2017Landesf\u00f6rderung NRW und Gr\u00fcnder des 3K Labor 2016Kreativer Leiter und stellvertretender Betriebsleiter bei der wfbm gGmbH, Duisburg Seit 2015Dozent an der HBK Essen 2014Internationaler Kulturaustausch Iglesias, Italien&hellip;","_links":{"self":[{"href":"https:\/\/hbkessen.v6.rocks\/index.php?rest_route=\/wp\/v2\/pages\/427","targetHints":{"allow":["GET"]}}],"collection":[{"href":"https:\/\/hbkessen.v6.rocks\/index.php?rest_route=\/wp\/v2\/pages"}],"about":[{"href":"https:\/\/hbkessen.v6.rocks\/index.php?rest_route=\/wp\/v2\/types\/page"}],"author":[{"embeddable":true,"href":"https:\/\/hbkessen.v6.rocks\/index.php?rest_route=\/wp\/v2\/users\/2"}],"replies":[{"embeddable":true,"href":"https:\/\/hbkessen.v6.rocks\/index.php?rest_route=%2Fwp%2Fv2%2Fcomments&post=427"}],"version-history":[{"count":5,"href":"https:\/\/hbkessen.v6.rocks\/index.php?rest_route=\/wp\/v2\/pages\/427\/revisions"}],"predecessor-version":[{"id":1762,"href":"https:\/\/hbkessen.v6.rocks\/index.php?rest_route=\/wp\/v2\/pages\/427\/revisions\/1762"}],"wp:attachment":[{"href":"https:\/\/hbkessen.v6.rocks\/index.php?rest_route=%2Fwp%2Fv2%2Fmedia&parent=427"}],"wp:term":[{"taxonomy":"folder","embeddable":true,"href":"https:\/\/hbkessen.v6.rocks\/index.php?rest_route=%2Fwp%2Fv2%2Ffolder&post=427"}],"curies":[{"name":"wp","href":"https:\/\/api.w.org\/{rel}","templated":true}]}}