{"id":310,"date":"2025-11-27T16:23:54","date_gmt":"2025-11-27T15:23:54","guid":{"rendered":"https:\/\/hbkessen.v6.rocks\/?page_id=310"},"modified":"2026-01-05T11:10:57","modified_gmt":"2026-01-05T10:10:57","slug":"prof-tobias-kreter","status":"publish","type":"page","link":"https:\/\/hbkessen.v6.rocks\/?page_id=310","title":{"rendered":"Prof. Tobias Kreter"},"content":{"rendered":"\n<div style=\"height:50px\" aria-hidden=\"true\" class=\"wp-block-spacer\"><\/div>\n\n\n\n<div class=\"wp-block-columns alignwide are-vertically-aligned-bottom is-layout-flex wp-container-core-columns-is-layout-fa584acd wp-block-columns-is-layout-flex\">\n<div class=\"wp-block-column is-vertically-aligned-bottom is-layout-flow wp-block-column-is-layout-flow\">\n<div class=\"wp-block-group is-nowrap is-layout-flex wp-container-core-group-is-layout-6c531013 wp-block-group-is-layout-flex\">\n<h1 class=\"wp-block-heading has-xx-large-font-size\">Prof. Tobias Kreter<\/h1>\n<\/div>\n\n\n\n<div class=\"wp-block-group is-nowrap is-layout-flex wp-container-core-group-is-layout-6c531013 wp-block-group-is-layout-flex\">\n<p class=\"has-text-align-left\">Professor, Game Art and Design<\/p>\n<\/div>\n<\/div>\n\n\n\n<div class=\"wp-block-column is-vertically-aligned-bottom is-layout-flow wp-block-column-is-layout-flow\">\n<figure class=\"wp-block-image alignleft size-full is-resized\"><img loading=\"lazy\" decoding=\"async\" width=\"480\" height=\"640\" src=\"https:\/\/hbkessen.v6.rocks\/wp-content\/uploads\/2025\/11\/Prof_Tobias_Kreter.jpg\" alt=\"\" class=\"wp-image-311\" style=\"width:290px;height:auto\" srcset=\"https:\/\/hbkessen.v6.rocks\/wp-content\/uploads\/2025\/11\/Prof_Tobias_Kreter.jpg 480w, https:\/\/hbkessen.v6.rocks\/wp-content\/uploads\/2025\/11\/Prof_Tobias_Kreter-225x300.jpg 225w\" sizes=\"auto, (max-width: 480px) 100vw, 480px\" \/><\/figure>\n<\/div>\n<\/div>\n\n\n\n<div style=\"height:50px\" aria-hidden=\"true\" class=\"wp-block-spacer\"><\/div>\n\n\n\n<div class=\"wp-block-columns alignwide are-vertically-aligned-top is-layout-flex wp-container-core-columns-is-layout-fa584acd wp-block-columns-is-layout-flex\">\n<div class=\"wp-block-column is-vertically-aligned-top is-layout-flow wp-block-column-is-layout-flow\">\n<div class=\"wp-block-group is-nowrap is-layout-flex wp-container-core-group-is-layout-6c531013 wp-block-group-is-layout-flex\">\n<p><strong>VITA<\/strong><br><br>2021 \u2013 2024<br>Vizepr\u00e4sident der HBK Essen<br><br>seit 2020<br>Professor f\u00fcr Game Art and Design an der HBK Essen<br><br>2019 \u2013 2022<br>Fachgebietsleiter f\u00fcr Game Art and Design an der HBK Essen<br><br>2017 \u2013 2019<br>Lehrauftr\u00e4ge an der Fachhochschule Aachen,<br>Fachbereich Gestaltung, Lehrgebiet Interaktive Medien<br><br>seit 2013<br>Freiberufliche T\u00e4tigkeiten in den Bereichen Game Design, Immersive Medien, Interaktive Exponate und Digitale Installationen<br><br>2011 \u2013 2013<br>Studium am Cologne Game Lab, Fachhochschule K\u00f6ln,<br>M.A. Game Development &amp; Research<br><br>seit 2004<br>Freiberufliche T\u00e4tigkeiten in den Bereichen interaktive und audiovisuelle Medien<br><br>2003 \u2013 2009<br>Studium an der K\u00f6ln International School of Design, Fachhochschule K\u00f6ln, Dipl.-Des. (FH)<br><br>1982<br>Geboren in M\u00fcnster<\/p>\n\n\n\n<p><br><br><\/p>\n<\/div>\n<\/div>\n\n\n\n<div class=\"wp-block-column is-vertically-aligned-top is-layout-flow wp-block-column-is-layout-flow\">\n<div class=\"wp-block-group has-global-padding is-content-justification-left is-layout-constrained wp-container-core-group-is-layout-12dd3699 wp-block-group-is-layout-constrained\">\n<p><strong>E-MAIL<\/strong><br><a href=\"mailto:tobias.kreter@hbk-essen.de\">tobias.kreter@hbk-essen.de<\/a><br><br><strong>WEBSITE<\/strong><br><a href=\"http:\/\/www.tobias-kreter.de\">www.tobias-kreter.de<\/a><\/p>\n<\/div>\n<\/div>\n<\/div>\n","protected":false},"excerpt":{"rendered":"<p>Prof. Tobias Kreter Professor, Game Art and Design VITA 2021 \u2013 2024Vizepr\u00e4sident der HBK Essen seit 2020Professor f\u00fcr Game Art and Design an der HBK Essen 2019 \u2013 2022Fachgebietsleiter f\u00fcr Game Art and Design an der HBK Essen 2017 \u2013 2019Lehrauftr\u00e4ge an der Fachhochschule Aachen,Fachbereich Gestaltung, Lehrgebiet Interaktive Medien seit 2013Freiberufliche T\u00e4tigkeiten in den Bereichen [&hellip;]<\/p>\n","protected":false},"author":2,"featured_media":0,"parent":0,"menu_order":0,"comment_status":"closed","ping_status":"closed","template":"page-no-title","meta":{"footnotes":""},"folder":[8],"class_list":["post-310","page","type-page","status-publish","hentry"],"rttpg_featured_image_url":null,"rttpg_author":{"display_name":"Duaa Bayoun","author_link":"https:\/\/hbkessen.v6.rocks\/?author=2"},"rttpg_comment":0,"rttpg_category":" <a href=\"https:\/\/hbkessen.v6.rocks\/?taxonomy=folder&#038;term=personen-1764506902-1\" rel=\"tag\">Personenseiten<\/a>","rttpg_excerpt":"Prof. Tobias Kreter Professor, Game Art and Design VITA 2021 \u2013 2024Vizepr\u00e4sident der HBK Essen seit 2020Professor f\u00fcr Game Art and Design an der HBK Essen 2019 \u2013 2022Fachgebietsleiter f\u00fcr Game Art and Design an der HBK Essen 2017 \u2013 2019Lehrauftr\u00e4ge an der Fachhochschule Aachen,Fachbereich Gestaltung, Lehrgebiet Interaktive Medien seit 2013Freiberufliche T\u00e4tigkeiten in den Bereichen&hellip;","_links":{"self":[{"href":"https:\/\/hbkessen.v6.rocks\/index.php?rest_route=\/wp\/v2\/pages\/310","targetHints":{"allow":["GET"]}}],"collection":[{"href":"https:\/\/hbkessen.v6.rocks\/index.php?rest_route=\/wp\/v2\/pages"}],"about":[{"href":"https:\/\/hbkessen.v6.rocks\/index.php?rest_route=\/wp\/v2\/types\/page"}],"author":[{"embeddable":true,"href":"https:\/\/hbkessen.v6.rocks\/index.php?rest_route=\/wp\/v2\/users\/2"}],"replies":[{"embeddable":true,"href":"https:\/\/hbkessen.v6.rocks\/index.php?rest_route=%2Fwp%2Fv2%2Fcomments&post=310"}],"version-history":[{"count":7,"href":"https:\/\/hbkessen.v6.rocks\/index.php?rest_route=\/wp\/v2\/pages\/310\/revisions"}],"predecessor-version":[{"id":1763,"href":"https:\/\/hbkessen.v6.rocks\/index.php?rest_route=\/wp\/v2\/pages\/310\/revisions\/1763"}],"wp:attachment":[{"href":"https:\/\/hbkessen.v6.rocks\/index.php?rest_route=%2Fwp%2Fv2%2Fmedia&parent=310"}],"wp:term":[{"taxonomy":"folder","embeddable":true,"href":"https:\/\/hbkessen.v6.rocks\/index.php?rest_route=%2Fwp%2Fv2%2Ffolder&post=310"}],"curies":[{"name":"wp","href":"https:\/\/api.w.org\/{rel}","templated":true}]}}